{"id":5624,"date":"2025-03-31T10:53:25","date_gmt":"2025-03-31T13:53:25","guid":{"rendered":"https:\/\/reybrasilautopecas.com.br\/?post_type=product&#038;p=5624"},"modified":"2025-06-09T10:32:35","modified_gmt":"2025-06-09T13:32:35","slug":"sapatas-de-freio-hilux-syl208806","status":"publish","type":"product","link":"https:\/\/reybrasilautopecas.com.br\/?product=sapatas-de-freio-hilux-syl208806","title":{"rendered":"Sapatas De Freio Hilux Syl208806"},"content":{"rendered":"<p><strong><span style=\"font-size: 16px;\">1 Jogo de Sapata de Freio Traseiro c\u00f3digo SYL208806 &#8211; Fabricante SYL<\/span><\/strong><\/p>\n<p><strong><span style=\"font-size: 16px;\">Aplica\u00e7\u00f5es:<\/span><\/strong><br \/>\n<strong><span style=\"font-size: 16px;\">TOYOTA HILUX CD SR, SW4 SR 4X2 2.7<\/span><\/strong><br \/>\n<strong><span style=\"font-size: 16px;\">SW4 SRV 4X4 4.0 09\/&#8230;<\/span><\/strong><br \/>\n<strong><span style=\"font-size: 16px;\">HILUX CD SR, CD SRV 4X2 3.0 \/ CD, CD SR, SRV, SW4 SRV 4X4 3.0 05\/&#8230;<\/span><\/strong><br \/>\n<strong><span style=\"font-size: 16px;\">HILUX CD, CS 4X2 E 4X4 2.5 \/ CHASSI 4X4 2.5 05\/&#8230;<\/span><\/strong><\/p>\n<p><strong><span style=\"font-size: 16px;\">Sapata de Freio &#8211; AKEBONO<\/span><\/strong><br \/>\n<strong><span style=\"font-size: 16px;\">DIAMETRO 295<\/span><\/strong><br \/>\n<strong><span style=\"font-size: 16px;\">LARGURA 62<\/span><\/strong><br \/>\n<strong><span style=\"font-size: 16px;\">LARGURA LONA 50<\/span><\/strong><br \/>\n<strong><span style=\"font-size: 16px;\">ESPESSURA 5,5<\/span><\/strong><\/p>\n<p><strong><span style=\"font-size: 16px;\">Similar:<\/span><\/strong><br \/>\n<strong><span style=\"font-size: 16px;\">MAZZICAR &#8211; BPSA0096741<\/span><\/strong><br \/>\n<strong><span style=\"font-size: 16px;\">MG FREIOS &#8211; MG570<\/span><\/strong><br \/>\n<strong><span style=\"font-size: 16px;\">ORIGINAL &#8211; 0602BB0710N<\/span><\/strong><br \/>\n<strong><span style=\"font-size: 16px;\">POLYCAR &#8211; P142131<\/span><\/strong><br \/>\n<strong><span style=\"font-size: 16px;\">VILA FRANCA &#8211; VLSA006741<\/span><\/strong><\/p>\n<p><strong><span style=\"font-size: 16px;\">Garantia do vendedor: 3 meses<\/span><\/strong><\/p>\n","protected":false},"excerpt":{"rendered":"<p>1 Jogo de Sapata de Freio Traseiro c\u00f3digo SYL208806 &#8211; Fabricante SYL Aplica\u00e7\u00f5es: TOYOTA HILUX CD SR, SW4 SR 4X2 2.7 SW4 SRV 4X4 4.0 09\/&#8230; HILUX CD SR, CD SRV 4X2 3.0 \/ CD, CD SR, SRV, SW4 SRV 4X4 3.0 05\/&#8230; HILUX CD, CS 4X2 E 4X4 2.5<\/p>\n","protected":false},"featured_media":5625,"comment_status":"open","ping_status":"closed","template":"","meta":{"om_disable_all_campaigns":false,"jetpack_publicize_message":"","jetpack_publicize_feature_enabled":true,"jetpack_social_post_already_shared":true,"jetpack_social_options":{"image_generator_settings":{"template":"highway","default_image_id":0,"font":"","enabled":false},"version":2}},"product_brand":[],"product_cat":[38],"product_tag":[],"class_list":{"0":"post-5624","1":"product","2":"type-product","3":"status-publish","4":"has-post-thumbnail","6":"product_cat-freios","8":"first","9":"instock","10":"shipping-taxable","11":"purchasable","12":"product-type-simple"},"jetpack_publicize_connections":[],"jetpack_sharing_enabled":true,"_links":{"self":[{"href":"https:\/\/reybrasilautopecas.com.br\/index.php?rest_route=\/wp\/v2\/product\/5624","targetHints":{"allow":["GET"]}}],"collection":[{"href":"https:\/\/reybrasilautopecas.com.br\/index.php?rest_route=\/wp\/v2\/product"}],"about":[{"href":"https:\/\/reybrasilautopecas.com.br\/index.php?rest_route=\/wp\/v2\/types\/product"}],"replies":[{"embeddable":true,"href":"https:\/\/reybrasilautopecas.com.br\/index.php?rest_route=%2Fwp%2Fv2%2Fcomments&post=5624"}],"wp:featuredmedia":[{"embeddable":true,"href":"https:\/\/reybrasilautopecas.com.br\/index.php?rest_route=\/wp\/v2\/media\/5625"}],"wp:attachment":[{"href":"https:\/\/reybrasilautopecas.com.br\/index.php?rest_route=%2Fwp%2Fv2%2Fmedia&parent=5624"}],"wp:term":[{"taxonomy":"product_brand","embeddable":true,"href":"https:\/\/reybrasilautopecas.com.br\/index.php?rest_route=%2Fwp%2Fv2%2Fproduct_brand&post=5624"},{"taxonomy":"product_cat","embeddable":true,"href":"https:\/\/reybrasilautopecas.com.br\/index.php?rest_route=%2Fwp%2Fv2%2Fproduct_cat&post=5624"},{"taxonomy":"product_tag","embeddable":true,"href":"https:\/\/reybrasilautopecas.com.br\/index.php?rest_route=%2Fwp%2Fv2%2Fproduct_tag&post=5624"}],"curies":[{"name":"wp","href":"https:\/\/api.w.org\/{rel}","templated":true}]}}