{"id":5597,"date":"2025-03-27T15:43:19","date_gmt":"2025-03-27T18:43:19","guid":{"rendered":"https:\/\/reybrasilautopecas.com.br\/?post_type=product&#038;p=5597"},"modified":"2025-06-09T11:05:41","modified_gmt":"2025-06-09T14:05:41","slug":"terminal-de-direcao-besta-perfect-tdi0124","status":"publish","type":"product","link":"https:\/\/reybrasilautopecas.com.br\/?product=terminal-de-direcao-besta-perfect-tdi0124","title":{"rendered":"Terminal De Dire\u00e7\u00e3o Besta Perfect Tdi0124"},"content":{"rendered":"<p><strong><span style=\"font-size: 16px;\">VE\u00cdCULOS COMPAT\u00cdVEIS:<\/span><\/strong><br \/>\n<strong><span style=\"font-size: 16px;\">Kia Besta Gs 12 Lugares 2.7 8v (83 Cv) (1998 &#8211; 2002)<\/span><\/strong><br \/>\n<strong><span style=\"font-size: 16px;\">Kia Besta Gs 16 Lugares 3.0 8v (1999 &#8211; 2005)<\/span><\/strong><br \/>\n<strong><span style=\"font-size: 16px;\">Kia Besta Gs Grand 3.0 8v (2004 &#8211; 2005)<\/span><\/strong><br \/>\n<strong><span style=\"font-size: 16px;\">Kia Bongo K-2500 2p 4&#215;2 2.5 16v Turbo (130 Cv) (2013 &#8211; 2022)<\/span><\/strong><br \/>\n<strong><span style=\"font-size: 16px;\">Kia Bongo K-2500 2p 4&#215;2 2.5 8v (2011 &#8211; 2012)<\/span><\/strong><br \/>\n<strong><span style=\"font-size: 16px;\">Kia Bongo K-2700 2p 4&#215;2 2.7 8v (83 Cv) (2007 &#8211; 2012)<\/span><\/strong><br \/>\n<strong><span style=\"font-size: 16px;\">Kia Bongo K-2700 4p 4&#215;4 2.7 8v (83 Cv) (2007 &#8211; 2012)<\/span><\/strong><\/p>\n<p><strong><span style=\"font-size: 16px;\">CONTE\u00daDO:<\/span><\/strong><br \/>\n<strong><span style=\"font-size: 16px;\">1x TERMINAL DE DIRE\u00c7\u00c3O (TDI0124 Perfect)<\/span><\/strong><\/p>\n<p><strong><span style=\"font-size: 16px;\">ESPECIFICA\u00c7\u00d5ES T\u00c9CNICAS:<\/span><\/strong><br \/>\n<strong><span style=\"font-size: 16px;\">Lado: Direito ou Esquerdo<\/span><\/strong><br \/>\n<strong><span style=\"font-size: 16px;\">Rosca: Macho<\/span><\/strong><br \/>\n<strong><span style=\"font-size: 16px;\">Comprimento: 109,5 mm<\/span><\/strong><\/p>\n<p><strong><span style=\"font-size: 16px;\">Garantia do vendedor: 3 meses<\/span><\/strong><\/p>\n","protected":false},"excerpt":{"rendered":"<p>VE\u00cdCULOS COMPAT\u00cdVEIS: Kia Besta Gs 12 Lugares 2.7 8v (83 Cv) (1998 &#8211; 2002) Kia Besta Gs 16 Lugares 3.0 8v (1999 &#8211; 2005) Kia Besta Gs Grand 3.0 8v (2004 &#8211; 2005) Kia Bongo K-2500 2p 4&#215;2 2.5 16v Turbo (130 Cv) (2013 &#8211; 2022) Kia Bongo K-2500 2p<\/p>\n","protected":false},"featured_media":5598,"comment_status":"open","ping_status":"closed","template":"","meta":{"om_disable_all_campaigns":false,"jetpack_publicize_message":"","jetpack_publicize_feature_enabled":true,"jetpack_social_post_already_shared":true,"jetpack_social_options":{"image_generator_settings":{"template":"highway","default_image_id":0,"font":"","enabled":false},"version":2}},"product_brand":[],"product_cat":[154],"product_tag":[],"class_list":{"0":"post-5597","1":"product","2":"type-product","3":"status-publish","4":"has-post-thumbnail","6":"product_cat-terminal-direcao","8":"first","9":"instock","10":"sale","11":"shipping-taxable","12":"purchasable","13":"product-type-simple"},"jetpack_publicize_connections":[],"jetpack_sharing_enabled":true,"_links":{"self":[{"href":"https:\/\/reybrasilautopecas.com.br\/index.php?rest_route=\/wp\/v2\/product\/5597","targetHints":{"allow":["GET"]}}],"collection":[{"href":"https:\/\/reybrasilautopecas.com.br\/index.php?rest_route=\/wp\/v2\/product"}],"about":[{"href":"https:\/\/reybrasilautopecas.com.br\/index.php?rest_route=\/wp\/v2\/types\/product"}],"replies":[{"embeddable":true,"href":"https:\/\/reybrasilautopecas.com.br\/index.php?rest_route=%2Fwp%2Fv2%2Fcomments&post=5597"}],"wp:featuredmedia":[{"embeddable":true,"href":"https:\/\/reybrasilautopecas.com.br\/index.php?rest_route=\/wp\/v2\/media\/5598"}],"wp:attachment":[{"href":"https:\/\/reybrasilautopecas.com.br\/index.php?rest_route=%2Fwp%2Fv2%2Fmedia&parent=5597"}],"wp:term":[{"taxonomy":"product_brand","embeddable":true,"href":"https:\/\/reybrasilautopecas.com.br\/index.php?rest_route=%2Fwp%2Fv2%2Fproduct_brand&post=5597"},{"taxonomy":"product_cat","embeddable":true,"href":"https:\/\/reybrasilautopecas.com.br\/index.php?rest_route=%2Fwp%2Fv2%2Fproduct_cat&post=5597"},{"taxonomy":"product_tag","embeddable":true,"href":"https:\/\/reybrasilautopecas.com.br\/index.php?rest_route=%2Fwp%2Fv2%2Fproduct_tag&post=5597"}],"curies":[{"name":"wp","href":"https:\/\/api.w.org\/{rel}","templated":true}]}}