{"id":5567,"date":"2025-03-21T09:03:22","date_gmt":"2025-03-21T12:03:22","guid":{"rendered":"https:\/\/reybrasilautopecas.com.br\/?post_type=product&#038;p=5567"},"modified":"2025-06-09T11:18:41","modified_gmt":"2025-06-09T14:18:41","slug":"pastilhas-de-freio-diant-towner-syl1020","status":"publish","type":"product","link":"https:\/\/reybrasilautopecas.com.br\/?product=pastilhas-de-freio-diant-towner-syl1020","title":{"rendered":"Pastilhas De Freio Diant. Towner Syl1020"},"content":{"rendered":"<p><strong><span style=\"font-size: 16px;\">Especifica\u00e7\u00f5es T\u00e9cnicas Pastilha Dianteira:<\/span><\/strong><br \/>\n<strong><span style=\"font-size: 16px;\">Fabricante: SYL<\/span><\/strong><br \/>\n<strong><span style=\"font-size: 16px;\">C\u00f3digo De F\u00e1brica: SYL1020<\/span><\/strong><br \/>\n<strong><span style=\"font-size: 16px;\">Posi\u00e7\u00e3o: Dianteiro<\/span><\/strong><br \/>\n<strong><span style=\"font-size: 16px;\">Lado: Esquerdo e Direito<\/span><\/strong><br \/>\n<strong><span style=\"font-size: 16px;\">Medidas: 78,5 x 63,6 x 13,7 mm<\/span><\/strong><br \/>\n<strong><span style=\"font-size: 16px;\">Material: Semimet\u00e1lico<\/span><\/strong><\/p>\n<p><strong><span style=\"font-size: 16px;\">Conte\u00fado da Embalagem:<\/span><\/strong><br \/>\n<strong><span style=\"font-size: 16px;\">04 Pastilhas de Freio Dianteira<\/span><\/strong><\/p>\n<p><strong><span style=\"font-size: 16px;\">Aplica\u00e7\u00f5es:<\/span><\/strong><br \/>\n<strong><span style=\"font-size: 16px;\">ASIA MOTORS: Towner Todos 1993&gt; D<\/span><\/strong><\/p>\n<p><strong><span style=\"font-size: 16px;\">Medidas:<\/span><\/strong><br \/>\n<strong><span style=\"font-size: 16px;\">Comprimento interno : 78,5<\/span><\/strong><br \/>\n<strong><span style=\"font-size: 16px;\">Comprimento externo : 78,5<\/span><\/strong><br \/>\n<strong><span style=\"font-size: 16px;\">Altura interna : 63,6<\/span><\/strong><br \/>\n<strong><span style=\"font-size: 16px;\">Altura externa : 63,6<\/span><\/strong><br \/>\n<strong><span style=\"font-size: 16px;\">Espessura interna : 13,7<\/span><\/strong><br \/>\n<strong><span style=\"font-size: 16px;\">Espessura externa : 13,7<\/span><\/strong><\/p>\n<p><strong><span style=\"font-size: 16px;\">Garantia do vendedor: 3 meses<\/span><\/strong><\/p>\n","protected":false},"excerpt":{"rendered":"<p>Especifica\u00e7\u00f5es T\u00e9cnicas Pastilha Dianteira: Fabricante: SYL C\u00f3digo De F\u00e1brica: SYL1020 Posi\u00e7\u00e3o: Dianteiro Lado: Esquerdo e Direito Medidas: 78,5 x 63,6 x 13,7 mm Material: Semimet\u00e1lico Conte\u00fado da Embalagem: 04 Pastilhas de Freio Dianteira Aplica\u00e7\u00f5es: ASIA MOTORS: Towner Todos 1993&gt; D Medidas: Comprimento interno : 78,5 Comprimento externo : 78,5 Altura<\/p>\n","protected":false},"featured_media":5568,"comment_status":"open","ping_status":"closed","template":"","meta":{"om_disable_all_campaigns":false,"jetpack_publicize_message":"","jetpack_publicize_feature_enabled":true,"jetpack_social_post_already_shared":true,"jetpack_social_options":{"image_generator_settings":{"template":"highway","default_image_id":0,"font":"","enabled":false},"version":2}},"product_brand":[],"product_cat":[38],"product_tag":[],"class_list":{"0":"post-5567","1":"product","2":"type-product","3":"status-publish","4":"has-post-thumbnail","6":"product_cat-freios","8":"first","9":"instock","10":"sale","11":"shipping-taxable","12":"purchasable","13":"product-type-simple"},"jetpack_publicize_connections":[],"jetpack_sharing_enabled":true,"_links":{"self":[{"href":"https:\/\/reybrasilautopecas.com.br\/index.php?rest_route=\/wp\/v2\/product\/5567","targetHints":{"allow":["GET"]}}],"collection":[{"href":"https:\/\/reybrasilautopecas.com.br\/index.php?rest_route=\/wp\/v2\/product"}],"about":[{"href":"https:\/\/reybrasilautopecas.com.br\/index.php?rest_route=\/wp\/v2\/types\/product"}],"replies":[{"embeddable":true,"href":"https:\/\/reybrasilautopecas.com.br\/index.php?rest_route=%2Fwp%2Fv2%2Fcomments&post=5567"}],"wp:featuredmedia":[{"embeddable":true,"href":"https:\/\/reybrasilautopecas.com.br\/index.php?rest_route=\/wp\/v2\/media\/5568"}],"wp:attachment":[{"href":"https:\/\/reybrasilautopecas.com.br\/index.php?rest_route=%2Fwp%2Fv2%2Fmedia&parent=5567"}],"wp:term":[{"taxonomy":"product_brand","embeddable":true,"href":"https:\/\/reybrasilautopecas.com.br\/index.php?rest_route=%2Fwp%2Fv2%2Fproduct_brand&post=5567"},{"taxonomy":"product_cat","embeddable":true,"href":"https:\/\/reybrasilautopecas.com.br\/index.php?rest_route=%2Fwp%2Fv2%2Fproduct_cat&post=5567"},{"taxonomy":"product_tag","embeddable":true,"href":"https:\/\/reybrasilautopecas.com.br\/index.php?rest_route=%2Fwp%2Fv2%2Fproduct_tag&post=5567"}],"curies":[{"name":"wp","href":"https:\/\/api.w.org\/{rel}","templated":true}]}}