{"id":5561,"date":"2025-03-21T08:40:58","date_gmt":"2025-03-21T11:40:58","guid":{"rendered":"https:\/\/reybrasilautopecas.com.br\/?post_type=product&#038;p=5561"},"modified":"2025-06-09T11:26:25","modified_gmt":"2025-06-09T14:26:25","slug":"pastilha-de-freio-diant-blazer-cobreq-n-341","status":"publish","type":"product","link":"https:\/\/reybrasilautopecas.com.br\/?product=pastilha-de-freio-diant-blazer-cobreq-n-341","title":{"rendered":"Pastilha De Freio Diant. Blazer Cobreq N341"},"content":{"rendered":"<p><strong><span style=\"font-size: 16px;\">C\u00d3DIGO COBREQ: N-341<\/span><\/strong><br \/>\n<strong><span style=\"font-size: 16px;\">SISTEMA DE FREIO: Delphi<\/span><\/strong><br \/>\n<strong><span style=\"font-size: 16px;\">OBSERVA\u00c7\u00c3O: DIMENS\u00d5ES 167,0 X 61,0 X 15,5Roda 5 furos<\/span><\/strong><\/p>\n<p><strong><span style=\"font-size: 16px;\">N\u00ba DE CONVERS\u00c3O:<\/span><\/strong><br \/>\n<strong><span style=\"font-size: 16px;\">1083 (SYL)<\/span><\/strong><br \/>\n<strong><span style=\"font-size: 16px;\">23663 (WVA)<\/span><\/strong><br \/>\n<strong><span style=\"font-size: 16px;\">7523 D796 (FMSI)<\/span><\/strong><br \/>\n<strong><span style=\"font-size: 16px;\">93284746 (ORIGINAL)<\/span><\/strong><br \/>\n<strong><span style=\"font-size: 16px;\">ECO1010 (ECOPADS)<\/span><\/strong><br \/>\n<strong><span style=\"font-size: 16px;\">HQJ-2113 (JURID)<\/span><\/strong><br \/>\n<strong><span style=\"font-size: 16px;\">PD\/110 (FRAS-LE)<\/span><\/strong><br \/>\n<strong><span style=\"font-size: 16px;\">RCPT02800 (TRW)<\/span><\/strong><\/p>\n<p><strong><span style=\"font-size: 16px;\">PRODUTO COMPATIVEL COM AS SEGUINTES APLICA\u00c7\u00d5ES:<\/span><\/strong><br \/>\n<strong><span style=\"font-size: 16px;\">Chevrolet<\/span><\/strong><br \/>\n<strong><span style=\"font-size: 16px;\">Blazer Colina 2.8 12V 2001 2002 2003 2004 2005<\/span><\/strong><\/p>\n<p><strong><span style=\"font-size: 16px;\">Chevrolet<\/span><\/strong><br \/>\n<strong><span style=\"font-size: 16px;\">Blazer Colina 2.8 12V 2005 2006 2007 2008 2009<\/span><\/strong><\/p>\n<p><strong><span style=\"font-size: 16px;\">Chevrolet<\/span><\/strong><br \/>\n<strong><span style=\"font-size: 16px;\">Blazer Dlx Turbo 2.8 12V 4X4 2000 2001<\/span><\/strong><\/p>\n<p><strong><span style=\"font-size: 16px;\">Chevrolet<\/span><\/strong><br \/>\n<strong><span style=\"font-size: 16px;\">Blazer Dlx Turbo 2.8 12V 4X4 2001 2002 2003 2004 2005<\/span><\/strong><\/p>\n<p><strong><span style=\"font-size: 16px;\">Chevrolet<\/span><\/strong><br \/>\n<strong><span style=\"font-size: 16px;\">Blazer Dlx Turbo 2.5 8V 1997 1998 1999 2000<\/span><\/strong><\/p>\n<p><strong><span style=\"font-size: 16px;\">Chevrolet<\/span><\/strong><br \/>\n<strong><span style=\"font-size: 16px;\">Blazer Executive 2.8 12V 4X4 2001 2002 2003 2004 2005<\/span><\/strong><\/p>\n<p><strong><span style=\"font-size: 16px;\">Chevrolet<\/span><\/strong><br \/>\n<strong><span style=\"font-size: 16px;\">Blazer Executive 2.8 12V 4X4 2005 2006 2007 2008 2009<\/span><\/strong><\/p>\n<p><strong><span style=\"font-size: 16px;\">Chevrolet<\/span><\/strong><br \/>\n<strong><span style=\"font-size: 16px;\">Blazer Executive 4.3 12V 1996 1997 1998 1999 2000 2001 2002 2003<\/span><\/strong><\/p>\n<p><strong><span style=\"font-size: 16px;\">Chevrolet<\/span><\/strong><br \/>\n<strong><span style=\"font-size: 16px;\">S10 C.Cab Colina 2.8 12V 2001 2002 2003 2004 2005<\/span><\/strong><\/p>\n<p><strong><span style=\"font-size: 16px;\">Chevrolet<\/span><\/strong><br \/>\n<strong><span style=\"font-size: 16px;\">S10 C.Cab Dlx Tb 2.5 8V 1995 1996 1997 1998 1999 2000<\/span><\/strong><\/p>\n<p><strong><span style=\"font-size: 16px;\">Chevrolet<\/span><\/strong><br \/>\n<strong><span style=\"font-size: 16px;\">S10 C.Cab Executive Tb 2.8 12V 4X4 2001 2002 2003 2004 2005<\/span><\/strong><\/p>\n<p><strong><span style=\"font-size: 16px;\">Chevrolet<\/span><\/strong><br \/>\n<strong><span style=\"font-size: 16px;\">S10 C.Cab Std Tb 2.5 8V 1995 1996 1997 1998 1999 2000<\/span><\/strong><\/p>\n<p><strong><span style=\"font-size: 16px;\">Chevrolet<\/span><\/strong><br \/>\n<strong><span style=\"font-size: 16px;\">S10 C.Cab Tornado 2.8 12V 4X4 2001 2002 2003 2004 2005<\/span><\/strong><\/p>\n<p><strong><span style=\"font-size: 16px;\">Chevrolet<\/span><\/strong><br \/>\n<strong><span style=\"font-size: 16px;\">S10 Dlx Turbo 2.8 12V 4X4 2000 2001<\/span><\/strong><\/p>\n<p><strong><span style=\"font-size: 16px;\">Chevrolet<\/span><\/strong><br \/>\n<strong><span style=\"font-size: 16px;\">S10 Dlx Turbo 2.8 12V 4X4 2001 2002 2003 2004 2005<\/span><\/strong><\/p>\n<p><strong><span style=\"font-size: 16px;\">Chevrolet<\/span><\/strong><br \/>\n<strong><span style=\"font-size: 16px;\">S10 S.Cab Colina 2.8 12V 4X4 2001 2002 2003 2004 2005<\/span><\/strong><\/p>\n<p><strong><span style=\"font-size: 16px;\">Chevrolet<\/span><\/strong><br \/>\n<strong><span style=\"font-size: 16px;\">S10 Std C.Cab Tb 2.8 12V 4X4 2000 2001<\/span><\/strong><\/p>\n<p><strong><span style=\"font-size: 16px;\">Chevrolet<\/span><\/strong><br \/>\n<strong><span style=\"font-size: 16px;\">S10 Std C.Cab Tb 2.8 12V 4X4 2001 2002 2003 2004 2005<\/span><\/strong><\/p>\n<p><strong><span style=\"font-size: 16px;\">Chevrolet<\/span><\/strong><br \/>\n<strong><span style=\"font-size: 16px;\">S10 Std S.Cab Tb 2.8 12V 4X4 2001 2002 2003 2004 2005<\/span><\/strong><\/p>\n<p><strong><span style=\"font-size: 16px;\">Chevrolet<\/span><\/strong><br \/>\n<strong><span style=\"font-size: 16px;\">S10 Std S.Cab Tb 2.8 12V 2000 2001<\/span><\/strong><\/p>\n<p><strong><span style=\"font-size: 16px;\">Chevrolet<\/span><\/strong><br \/>\n<strong><span style=\"font-size: 16px;\">S10 Std S.Cab Tb 2.8 12V 2001 2002 2003 2004 2005<\/span><\/strong><\/p>\n<p><strong><span style=\"font-size: 16px;\">Garantia do vendedor: 3 meses<\/span><\/strong><\/p>\n","protected":false},"excerpt":{"rendered":"<p>C\u00d3DIGO COBREQ: N-341 SISTEMA DE FREIO: Delphi OBSERVA\u00c7\u00c3O: DIMENS\u00d5ES 167,0 X 61,0 X 15,5Roda 5 furos N\u00ba DE CONVERS\u00c3O: 1083 (SYL) 23663 (WVA) 7523 D796 (FMSI) 93284746 (ORIGINAL) ECO1010 (ECOPADS) HQJ-2113 (JURID) PD\/110 (FRAS-LE) RCPT02800 (TRW) PRODUTO COMPATIVEL COM AS SEGUINTES APLICA\u00c7\u00d5ES: Chevrolet Blazer Colina 2.8 12V 2001 2002 2003<\/p>\n","protected":false},"featured_media":5563,"comment_status":"open","ping_status":"closed","template":"","meta":{"om_disable_all_campaigns":false,"jetpack_publicize_message":"","jetpack_publicize_feature_enabled":true,"jetpack_social_post_already_shared":true,"jetpack_social_options":{"image_generator_settings":{"template":"highway","default_image_id":0,"font":"","enabled":false},"version":2}},"product_brand":[],"product_cat":[38],"product_tag":[],"class_list":{"0":"post-5561","1":"product","2":"type-product","3":"status-publish","4":"has-post-thumbnail","6":"product_cat-freios","8":"first","9":"instock","10":"sale","11":"shipping-taxable","12":"purchasable","13":"product-type-simple"},"jetpack_publicize_connections":[],"jetpack_sharing_enabled":true,"_links":{"self":[{"href":"https:\/\/reybrasilautopecas.com.br\/index.php?rest_route=\/wp\/v2\/product\/5561","targetHints":{"allow":["GET"]}}],"collection":[{"href":"https:\/\/reybrasilautopecas.com.br\/index.php?rest_route=\/wp\/v2\/product"}],"about":[{"href":"https:\/\/reybrasilautopecas.com.br\/index.php?rest_route=\/wp\/v2\/types\/product"}],"replies":[{"embeddable":true,"href":"https:\/\/reybrasilautopecas.com.br\/index.php?rest_route=%2Fwp%2Fv2%2Fcomments&post=5561"}],"wp:featuredmedia":[{"embeddable":true,"href":"https:\/\/reybrasilautopecas.com.br\/index.php?rest_route=\/wp\/v2\/media\/5563"}],"wp:attachment":[{"href":"https:\/\/reybrasilautopecas.com.br\/index.php?rest_route=%2Fwp%2Fv2%2Fmedia&parent=5561"}],"wp:term":[{"taxonomy":"product_brand","embeddable":true,"href":"https:\/\/reybrasilautopecas.com.br\/index.php?rest_route=%2Fwp%2Fv2%2Fproduct_brand&post=5561"},{"taxonomy":"product_cat","embeddable":true,"href":"https:\/\/reybrasilautopecas.com.br\/index.php?rest_route=%2Fwp%2Fv2%2Fproduct_cat&post=5561"},{"taxonomy":"product_tag","embeddable":true,"href":"https:\/\/reybrasilautopecas.com.br\/index.php?rest_route=%2Fwp%2Fv2%2Fproduct_tag&post=5561"}],"curies":[{"name":"wp","href":"https:\/\/api.w.org\/{rel}","templated":true}]}}