{"id":5549,"date":"2025-03-19T16:38:00","date_gmt":"2025-03-19T19:38:00","guid":{"rendered":"https:\/\/reybrasilautopecas.com.br\/?post_type=product&#038;p=5549"},"modified":"2025-06-09T11:29:23","modified_gmt":"2025-06-09T14:29:23","slug":"pastilha-de-freio-diant-blazer-syl-1083","status":"publish","type":"product","link":"https:\/\/reybrasilautopecas.com.br\/?product=pastilha-de-freio-diant-blazer-syl-1083","title":{"rendered":"Pastilha De Freio Diant. Blazer Syl1083"},"content":{"rendered":"<p><strong><span style=\"font-size: 16px;\">Pastilha de freio Dianteira jogo com 4 pe\u00e7as marca Syl<\/span><\/strong><\/p>\n<p><strong><span style=\"font-size: 16px;\">Especifica\u00e7\u00f5es<\/span><\/strong><br \/>\n<strong><span style=\"font-size: 16px;\">Marca: Syl<\/span><\/strong><br \/>\n<strong><span style=\"font-size: 16px;\">C\u00f3digo: Syl 1083<\/span><\/strong><br \/>\n<strong><span style=\"font-size: 16px;\">Comprimento: 167<\/span><\/strong><br \/>\n<strong><span style=\"font-size: 16px;\">Altura Externa: 61<\/span><\/strong><br \/>\n<strong><span style=\"font-size: 16px;\">Espessura Externa: 15,5<\/span><\/strong><\/p>\n<p><strong><span style=\"font-size: 16px;\">CHEVROLET:<\/span><\/strong><br \/>\n<strong><span style=\"font-size: 16px;\">Blazer 4&#215;4 &#8211; 1997 a diante<\/span><\/strong><br \/>\n<strong><span style=\"font-size: 16px;\">Pick-up S10 &#8211; 1997 at\u00e9 2011<\/span><\/strong><br \/>\n<strong><span style=\"font-size: 16px;\">S-10 4&#215;4 &#8211; 1997 at\u00e9 2008<\/span><\/strong><\/p>\n<p><strong><span style=\"font-size: 16px;\">Garantia do vendedor: 3 meses<\/span><\/strong><\/p>\n","protected":false},"excerpt":{"rendered":"<p>Pastilha de freio Dianteira jogo com 4 pe\u00e7as marca Syl Especifica\u00e7\u00f5es Marca: Syl C\u00f3digo: Syl 1083 Comprimento: 167 Altura Externa: 61 Espessura Externa: 15,5 CHEVROLET: Blazer 4&#215;4 &#8211; 1997 a diante Pick-up S10 &#8211; 1997 at\u00e9 2011 S-10 4&#215;4 &#8211; 1997 at\u00e9 2008 Garantia do vendedor: 3 meses<\/p>\n","protected":false},"featured_media":5551,"comment_status":"open","ping_status":"closed","template":"","meta":{"om_disable_all_campaigns":false,"jetpack_publicize_message":"","jetpack_publicize_feature_enabled":true,"jetpack_social_post_already_shared":true,"jetpack_social_options":{"image_generator_settings":{"template":"highway","default_image_id":0,"font":"","enabled":false},"version":2}},"product_brand":[],"product_cat":[38],"product_tag":[],"class_list":{"0":"post-5549","1":"product","2":"type-product","3":"status-publish","4":"has-post-thumbnail","6":"product_cat-freios","8":"first","9":"instock","10":"sale","11":"shipping-taxable","12":"purchasable","13":"product-type-simple"},"jetpack_publicize_connections":[],"jetpack_sharing_enabled":true,"_links":{"self":[{"href":"https:\/\/reybrasilautopecas.com.br\/index.php?rest_route=\/wp\/v2\/product\/5549","targetHints":{"allow":["GET"]}}],"collection":[{"href":"https:\/\/reybrasilautopecas.com.br\/index.php?rest_route=\/wp\/v2\/product"}],"about":[{"href":"https:\/\/reybrasilautopecas.com.br\/index.php?rest_route=\/wp\/v2\/types\/product"}],"replies":[{"embeddable":true,"href":"https:\/\/reybrasilautopecas.com.br\/index.php?rest_route=%2Fwp%2Fv2%2Fcomments&post=5549"}],"wp:featuredmedia":[{"embeddable":true,"href":"https:\/\/reybrasilautopecas.com.br\/index.php?rest_route=\/wp\/v2\/media\/5551"}],"wp:attachment":[{"href":"https:\/\/reybrasilautopecas.com.br\/index.php?rest_route=%2Fwp%2Fv2%2Fmedia&parent=5549"}],"wp:term":[{"taxonomy":"product_brand","embeddable":true,"href":"https:\/\/reybrasilautopecas.com.br\/index.php?rest_route=%2Fwp%2Fv2%2Fproduct_brand&post=5549"},{"taxonomy":"product_cat","embeddable":true,"href":"https:\/\/reybrasilautopecas.com.br\/index.php?rest_route=%2Fwp%2Fv2%2Fproduct_cat&post=5549"},{"taxonomy":"product_tag","embeddable":true,"href":"https:\/\/reybrasilautopecas.com.br\/index.php?rest_route=%2Fwp%2Fv2%2Fproduct_tag&post=5549"}],"curies":[{"name":"wp","href":"https:\/\/api.w.org\/{rel}","templated":true}]}}