{"id":5499,"date":"2025-03-17T12:29:13","date_gmt":"2025-03-17T15:29:13","guid":{"rendered":"https:\/\/reybrasilautopecas.com.br\/?post_type=product&#038;p=5499"},"modified":"2025-06-09T12:30:58","modified_gmt":"2025-06-09T15:30:58","slug":"pastilha-de-freio-tras-bmw-syl1067","status":"publish","type":"product","link":"https:\/\/reybrasilautopecas.com.br\/?product=pastilha-de-freio-tras-bmw-syl1067","title":{"rendered":"Pastilha De Freio Tras. Bmw Syl1067"},"content":{"rendered":"<p><strong><span style=\"font-size: 16px;\">VE\u00cdCULOS COMPAT\u00cdVEIS:<\/span><\/strong><br \/>\n<strong><span style=\"font-size: 16px;\">Bmw 323i Touring Aut. (e46) 2.5 24v L6 (170 Cv) (1998 &#8211; 1999)<\/span><\/strong><br \/>\n<strong><span style=\"font-size: 16px;\">Bmw 330i Cabriolet (e46) 3.0 24v L6 (231 Cv) (2000 &#8211; 2002)<\/span><\/strong><br \/>\n<strong><span style=\"font-size: 16px;\">Bmw 330i (e46) 3.0 24v L6 (231 Cv) (2000 &#8211; 2005)<\/span><\/strong><br \/>\n<strong><span style=\"font-size: 16px;\">Bmw 330i Motorsport (e46) 3.0 24v L6 (231 Cv) (2000 &#8211; 2005)<\/span><\/strong><br \/>\n<strong><span style=\"font-size: 16px;\">Bmw 740i (e38) 4.0 32v V8 (1995 &#8211; 1996)<\/span><\/strong><br \/>\n<strong><span style=\"font-size: 16px;\">Bmw 740i (e38) 4.4 32v V8 (1997 &#8211; 2001)<\/span><\/strong><br \/>\n<strong><span style=\"font-size: 16px;\">Bmw 750i (e38) 5.4 24v V12 (1995 &#8211; 2000)<\/span><\/strong><br \/>\n<strong><span style=\"font-size: 16px;\">Bmw 850i Coup\u00e9 Sport (e31) 5.6 24v V12 (1993 &#8211; 1995)<\/span><\/strong><br \/>\n<strong><span style=\"font-size: 16px;\">Bmw 850i (e31) 5.0 24v V12 (1993 &#8211; 1994)<\/span><\/strong><br \/>\n<strong><span style=\"font-size: 16px;\">Bmw M3 Coup\u00e9 2p 4&#215;2 Aut. (e46) 3.2 24v L6 (343 Cv) (2004)<\/span><\/strong><\/p>\n<p><strong><span style=\"font-size: 16px;\">CONTE\u00daDO:<\/span><\/strong><br \/>\n<strong><span style=\"font-size: 16px;\">1x Pastilhas de Freio (1067 Syl)<\/span><\/strong><\/p>\n<p><strong><span style=\"font-size: 16px;\">ESPECIFICA\u00c7\u00d5ES T\u00c9CNICAS:<\/span><\/strong><br \/>\n<strong><span style=\"font-size: 16px;\">Posi\u00e7\u00e3o: Traseira<\/span><\/strong><br \/>\n<strong><span style=\"font-size: 16px;\">Caracter\u00edsticas: Apenas-Para-Veiculos-Equipados-Com-Sistema-Teves<\/span><\/strong><\/p>\n<p><strong><span style=\"font-size: 16px;\">Garantia do vendedor: 3 meses<\/span><\/strong><\/p>\n","protected":false},"excerpt":{"rendered":"<p>VE\u00cdCULOS COMPAT\u00cdVEIS: Bmw 323i Touring Aut. (e46) 2.5 24v L6 (170 Cv) (1998 &#8211; 1999) Bmw 330i Cabriolet (e46) 3.0 24v L6 (231 Cv) (2000 &#8211; 2002) Bmw 330i (e46) 3.0 24v L6 (231 Cv) (2000 &#8211; 2005) Bmw 330i Motorsport (e46) 3.0 24v L6 (231 Cv) (2000 &#8211; 2005)<\/p>\n","protected":false},"featured_media":5500,"comment_status":"open","ping_status":"closed","template":"","meta":{"om_disable_all_campaigns":false,"jetpack_publicize_message":"","jetpack_publicize_feature_enabled":true,"jetpack_social_post_already_shared":true,"jetpack_social_options":{"image_generator_settings":{"template":"highway","default_image_id":0,"font":"","enabled":false},"version":2}},"product_brand":[],"product_cat":[38],"product_tag":[],"class_list":{"0":"post-5499","1":"product","2":"type-product","3":"status-publish","4":"has-post-thumbnail","6":"product_cat-freios","8":"first","9":"instock","10":"sale","11":"shipping-taxable","12":"purchasable","13":"product-type-simple"},"jetpack_publicize_connections":[],"jetpack_sharing_enabled":true,"_links":{"self":[{"href":"https:\/\/reybrasilautopecas.com.br\/index.php?rest_route=\/wp\/v2\/product\/5499","targetHints":{"allow":["GET"]}}],"collection":[{"href":"https:\/\/reybrasilautopecas.com.br\/index.php?rest_route=\/wp\/v2\/product"}],"about":[{"href":"https:\/\/reybrasilautopecas.com.br\/index.php?rest_route=\/wp\/v2\/types\/product"}],"replies":[{"embeddable":true,"href":"https:\/\/reybrasilautopecas.com.br\/index.php?rest_route=%2Fwp%2Fv2%2Fcomments&post=5499"}],"wp:featuredmedia":[{"embeddable":true,"href":"https:\/\/reybrasilautopecas.com.br\/index.php?rest_route=\/wp\/v2\/media\/5500"}],"wp:attachment":[{"href":"https:\/\/reybrasilautopecas.com.br\/index.php?rest_route=%2Fwp%2Fv2%2Fmedia&parent=5499"}],"wp:term":[{"taxonomy":"product_brand","embeddable":true,"href":"https:\/\/reybrasilautopecas.com.br\/index.php?rest_route=%2Fwp%2Fv2%2Fproduct_brand&post=5499"},{"taxonomy":"product_cat","embeddable":true,"href":"https:\/\/reybrasilautopecas.com.br\/index.php?rest_route=%2Fwp%2Fv2%2Fproduct_cat&post=5499"},{"taxonomy":"product_tag","embeddable":true,"href":"https:\/\/reybrasilautopecas.com.br\/index.php?rest_route=%2Fwp%2Fv2%2Fproduct_tag&post=5499"}],"curies":[{"name":"wp","href":"https:\/\/api.w.org\/{rel}","templated":true}]}}