{"id":5421,"date":"2025-03-10T13:29:45","date_gmt":"2025-03-10T16:29:45","guid":{"rendered":"https:\/\/reybrasilautopecas.com.br\/?post_type=product&#038;p=5421"},"modified":"2025-06-09T15:36:41","modified_gmt":"2025-06-09T18:36:41","slug":"bomba-de-oleo-xsara-schadek-10276","status":"publish","type":"product","link":"https:\/\/reybrasilautopecas.com.br\/?product=bomba-de-oleo-xsara-schadek-10276","title":{"rendered":"Bomba De \u00d3leo Xsara Schadek 10276"},"content":{"rendered":"<p><strong><span style=\"font-size: 16px;\">Bomba Oleo Schadek 10276 Citroen Xsara 2.0 16v Ano 1999<\/span><\/strong><\/p>\n<p><strong><span style=\"font-size: 16px;\">Caracter\u00edsticas:<\/span><\/strong><br \/>\n<strong><span style=\"font-size: 16px;\">C\u00f3digo OEM: 10276<\/span><\/strong><br \/>\n<strong><span style=\"font-size: 16px;\">C\u00f3digo universal de produto: 7892677002929<\/span><\/strong><br \/>\n<strong><span style=\"font-size: 16px;\">Condi\u00e7\u00e3o do item: Novo<\/span><\/strong><br \/>\n<strong><span style=\"font-size: 16px;\">Inclui eixo de transmiss\u00e3o: N\u00e3o<\/span><\/strong><br \/>\n<strong><span style=\"font-size: 16px;\">Inclui engraneagem motriz: N\u00e3o<\/span><\/strong><br \/>\n<strong><span style=\"font-size: 16px;\">Inclui juntas: Sim<\/span><\/strong><br \/>\n<strong><span style=\"font-size: 16px;\">Inclui solen\u00f3ide: N\u00e3o<\/span><\/strong><br \/>\n<strong><span style=\"font-size: 16px;\">Marca: Schadek<\/span><\/strong><br \/>\n<strong><span style=\"font-size: 16px;\">MPN: 10276<\/span><\/strong><br \/>\n<strong><span style=\"font-size: 16px;\">N\u00famero de pe\u00e7a: 10276<\/span><\/strong><br \/>\n<strong><span style=\"font-size: 16px;\">Origem: Brasil<\/span><\/strong><\/p>\n<p><strong><span style=\"font-size: 16px;\">BOMBA DE \u00d3LEO<\/span><\/strong><br \/>\n<strong><span style=\"font-size: 16px;\">MARCA: SCHADEK<\/span><\/strong><br \/>\n<strong><span style=\"font-size: 16px;\">C\u00d3DIGO DO PRODUTO: S-10276<\/span><\/strong><br \/>\n<strong><span style=\"font-size: 16px;\">N\u00ba ORIGINAL: 1001G0 \/ 1001C7<\/span><\/strong><br \/>\n<strong><span style=\"font-size: 16px;\">APLICA\u00c7\u00c3O:<\/span><\/strong><br \/>\n<strong><span style=\"font-size: 16px;\">307- 2.0 16V &#8211; ANO 2001 EM DIANTE<\/span><\/strong><br \/>\n<strong><span style=\"font-size: 16px;\">308 &#8211; 2.0 16V &#8211; ANO 2012 EM DIANTE<\/span><\/strong><br \/>\n<strong><span style=\"font-size: 16px;\">404 &#8211; 2.0 16V &#8211; ANO 2001 EM DIANTE<\/span><\/strong><br \/>\n<strong><span style=\"font-size: 16px;\">407 &#8211; 2.0 16V &#8211; ANO 2005 EM DIANTE<\/span><\/strong><br \/>\n<strong><span style=\"font-size: 16px;\">408 &#8211; 2.0 16V &#8211; ANO 2011 EM DIANTE<\/span><\/strong><br \/>\n<strong><span style=\"font-size: 16px;\">XSARA &#8211; 2.0 16V &#8211; ANO 1999 EM DIANTE<\/span><\/strong><br \/>\n<strong><span style=\"font-size: 16px;\">XSARA PICASSO &#8211; 2.0 16V &#8211; ANO 2001 EM DIANTE<\/span><\/strong><br \/>\n<strong><span style=\"font-size: 16px;\">C4 &#8211; 2.0 16V &#8211; ANO 2009 EM DIANTE<\/span><\/strong><br \/>\n<strong><span style=\"font-size: 16px;\">C5 &#8211; 2.0 16V &#8211; ANO 2001 EM DIANTE<\/span><\/strong><br \/>\n<strong><span style=\"font-size: 16px;\">C8 &#8211; 2.0 16V &#8211; ANO 2003 A 2005<\/span><\/strong><br \/>\n<strong><span style=\"font-size: 16px;\">PARA MOTORES 4 CILINDRO<\/span><\/strong><\/p>\n<p><strong><span style=\"font-size: 16px;\">Garantia do vendedor: 3 meses<\/span><\/strong><\/p>\n","protected":false},"excerpt":{"rendered":"<p>Bomba Oleo Schadek 10276 Citroen Xsara 2.0 16v Ano 1999 Caracter\u00edsticas: C\u00f3digo OEM: 10276 C\u00f3digo universal de produto: 7892677002929 Condi\u00e7\u00e3o do item: Novo Inclui eixo de transmiss\u00e3o: N\u00e3o Inclui engraneagem motriz: N\u00e3o Inclui juntas: Sim Inclui solen\u00f3ide: N\u00e3o Marca: Schadek MPN: 10276 N\u00famero de pe\u00e7a: 10276 Origem: Brasil BOMBA DE<\/p>\n","protected":false},"featured_media":5424,"comment_status":"open","ping_status":"closed","template":"","meta":{"om_disable_all_campaigns":false,"jetpack_publicize_message":"","jetpack_publicize_feature_enabled":true,"jetpack_social_post_already_shared":true,"jetpack_social_options":{"image_generator_settings":{"template":"highway","default_image_id":0,"font":"","enabled":false},"version":2}},"product_brand":[],"product_cat":[116],"product_tag":[],"class_list":{"0":"post-5421","1":"product","2":"type-product","3":"status-publish","4":"has-post-thumbnail","6":"product_cat-bombas-de-oleo","8":"first","9":"instock","10":"shipping-taxable","11":"purchasable","12":"product-type-simple"},"jetpack_publicize_connections":[],"jetpack_sharing_enabled":true,"_links":{"self":[{"href":"https:\/\/reybrasilautopecas.com.br\/index.php?rest_route=\/wp\/v2\/product\/5421","targetHints":{"allow":["GET"]}}],"collection":[{"href":"https:\/\/reybrasilautopecas.com.br\/index.php?rest_route=\/wp\/v2\/product"}],"about":[{"href":"https:\/\/reybrasilautopecas.com.br\/index.php?rest_route=\/wp\/v2\/types\/product"}],"replies":[{"embeddable":true,"href":"https:\/\/reybrasilautopecas.com.br\/index.php?rest_route=%2Fwp%2Fv2%2Fcomments&post=5421"}],"wp:featuredmedia":[{"embeddable":true,"href":"https:\/\/reybrasilautopecas.com.br\/index.php?rest_route=\/wp\/v2\/media\/5424"}],"wp:attachment":[{"href":"https:\/\/reybrasilautopecas.com.br\/index.php?rest_route=%2Fwp%2Fv2%2Fmedia&parent=5421"}],"wp:term":[{"taxonomy":"product_brand","embeddable":true,"href":"https:\/\/reybrasilautopecas.com.br\/index.php?rest_route=%2Fwp%2Fv2%2Fproduct_brand&post=5421"},{"taxonomy":"product_cat","embeddable":true,"href":"https:\/\/reybrasilautopecas.com.br\/index.php?rest_route=%2Fwp%2Fv2%2Fproduct_cat&post=5421"},{"taxonomy":"product_tag","embeddable":true,"href":"https:\/\/reybrasilautopecas.com.br\/index.php?rest_route=%2Fwp%2Fv2%2Fproduct_tag&post=5421"}],"curies":[{"name":"wp","href":"https:\/\/api.w.org\/{rel}","templated":true}]}}