{"id":5410,"date":"2025-03-10T11:18:49","date_gmt":"2025-03-10T14:18:49","guid":{"rendered":"https:\/\/reybrasilautopecas.com.br\/?post_type=product&#038;p=5410"},"modified":"2025-06-09T15:40:36","modified_gmt":"2025-06-09T18:40:36","slug":"bomba-de-oleo-147-fiorino-anroi-ar7020","status":"publish","type":"product","link":"https:\/\/reybrasilautopecas.com.br\/?product=bomba-de-oleo-147-fiorino-anroi-ar7020","title":{"rendered":"Bomba De \u00d3leo 147\/fiorino Anroi Ar7020"},"content":{"rendered":"<p><strong><span style=\"font-size: 16px;\">Produto:<\/span><\/strong><br \/>\n<strong><span style=\"font-size: 16px;\">Bomba de \u00d3leo Anroi AR7020<\/span><\/strong><\/p>\n<p><strong><span style=\"font-size: 16px;\">Compat\u00edvel:<\/span><\/strong><br \/>\n<strong><span style=\"font-size: 16px;\">\u2022 Fiat 147 1.3 4 cil. 8v CL \/ GL 1978 at\u00e9 1986<\/span><\/strong><br \/>\n<strong><span style=\"font-size: 16px;\">\u2022 Fiat Oggi 1.3 4 cil. 8v CL \/ GL 1983 at\u00e9 1985<\/span><\/strong><br \/>\n<strong><span style=\"font-size: 16px;\">\u2022 Fiat Pr\u00eamio 1.3 4 cil. 8v CL \/ GL 1985 at\u00e9 1991<\/span><\/strong><br \/>\n<strong><span style=\"font-size: 16px;\">\u2022 Fiat Elba 1.3 4 cil. 8v CL \/ GL 1986 at\u00e9 1989<\/span><\/strong><br \/>\n<strong><span style=\"font-size: 16px;\">\u2022 Fiat Fiorino 1.3 4 cil. 8v CL \/ GL 1994 at\u00e9 1996<\/span><\/strong><\/p>\n<p><strong><span style=\"font-size: 16px;\">Especifica\u00e7\u00e3o T\u00e9cnica:<\/span><\/strong><br \/>\n<strong><span style=\"font-size: 16px;\">\u2022 Marca: Anroi<\/span><\/strong><br \/>\n<strong><span style=\"font-size: 16px;\">\u2022 Fabricado para oferecer qualidade, durabilidade e resist\u00eancia.<\/span><\/strong><\/p>\n<p><strong><span style=\"font-size: 16px;\">Conte\u00fado da Embalagem:<\/span><\/strong><br \/>\n<strong><span style=\"font-size: 16px;\">1 bomba de \u00f3leo<\/span><\/strong><\/p>\n<p><strong><span style=\"font-size: 16px;\">Garantia do vendedor: 3 meses<\/span><\/strong><\/p>\n","protected":false},"excerpt":{"rendered":"<p>Produto: Bomba de \u00d3leo Anroi AR7020 Compat\u00edvel: \u2022 Fiat 147 1.3 4 cil. 8v CL \/ GL 1978 at\u00e9 1986 \u2022 Fiat Oggi 1.3 4 cil. 8v CL \/ GL 1983 at\u00e9 1985 \u2022 Fiat Pr\u00eamio 1.3 4 cil. 8v CL \/ GL 1985 at\u00e9 1991 \u2022 Fiat Elba 1.3<\/p>\n","protected":false},"featured_media":5411,"comment_status":"open","ping_status":"closed","template":"","meta":{"om_disable_all_campaigns":false,"jetpack_publicize_message":"","jetpack_publicize_feature_enabled":true,"jetpack_social_post_already_shared":true,"jetpack_social_options":{"image_generator_settings":{"template":"highway","default_image_id":0,"font":"","enabled":false},"version":2}},"product_brand":[],"product_cat":[116],"product_tag":[],"class_list":{"0":"post-5410","1":"product","2":"type-product","3":"status-publish","4":"has-post-thumbnail","6":"product_cat-bombas-de-oleo","8":"first","9":"instock","10":"shipping-taxable","11":"purchasable","12":"product-type-simple"},"jetpack_publicize_connections":[],"jetpack_sharing_enabled":true,"_links":{"self":[{"href":"https:\/\/reybrasilautopecas.com.br\/index.php?rest_route=\/wp\/v2\/product\/5410","targetHints":{"allow":["GET"]}}],"collection":[{"href":"https:\/\/reybrasilautopecas.com.br\/index.php?rest_route=\/wp\/v2\/product"}],"about":[{"href":"https:\/\/reybrasilautopecas.com.br\/index.php?rest_route=\/wp\/v2\/types\/product"}],"replies":[{"embeddable":true,"href":"https:\/\/reybrasilautopecas.com.br\/index.php?rest_route=%2Fwp%2Fv2%2Fcomments&post=5410"}],"wp:featuredmedia":[{"embeddable":true,"href":"https:\/\/reybrasilautopecas.com.br\/index.php?rest_route=\/wp\/v2\/media\/5411"}],"wp:attachment":[{"href":"https:\/\/reybrasilautopecas.com.br\/index.php?rest_route=%2Fwp%2Fv2%2Fmedia&parent=5410"}],"wp:term":[{"taxonomy":"product_brand","embeddable":true,"href":"https:\/\/reybrasilautopecas.com.br\/index.php?rest_route=%2Fwp%2Fv2%2Fproduct_brand&post=5410"},{"taxonomy":"product_cat","embeddable":true,"href":"https:\/\/reybrasilautopecas.com.br\/index.php?rest_route=%2Fwp%2Fv2%2Fproduct_cat&post=5410"},{"taxonomy":"product_tag","embeddable":true,"href":"https:\/\/reybrasilautopecas.com.br\/index.php?rest_route=%2Fwp%2Fv2%2Fproduct_tag&post=5410"}],"curies":[{"name":"wp","href":"https:\/\/api.w.org\/{rel}","templated":true}]}}