{"id":4891,"date":"2023-08-21T16:34:50","date_gmt":"2023-08-21T19:34:50","guid":{"rendered":"https:\/\/reybrasilautopecas.com.br\/?post_type=product&#038;p=4891"},"modified":"2024-10-31T15:19:14","modified_gmt":"2024-10-31T18:19:14","slug":"fluido-de-freio-jurid-dot-4-sl-500ml","status":"publish","type":"product","link":"https:\/\/reybrasilautopecas.com.br\/?product=fluido-de-freio-jurid-dot-4-sl-500ml","title":{"rendered":"Flu\u00eddo De Freio Jurid Dot 4 Sl 500ml"},"content":{"rendered":"","protected":false},"excerpt":{"rendered":"<h2 class=\"ui-pdp-description__title\"><span style=\"font-size: 16px; color: #000000;\"><strong>Descri\u00e7\u00e3o<\/strong><\/span><\/h2>\n<p class=\"ui-pdp-description__content\"><span style=\"font-size: 16px; color: #000000;\"><strong>C\u00d3DIGO INTERNO \u2013 FMODOT4 &#8211; JURID<\/strong><\/span><\/p>\n<p><span style=\"font-size: 16px; color: #000000;\"><strong>APLICA\u00c7\u00c3O<\/strong><\/span><br \/>\n<span style=\"font-size: 16px; color: #000000;\"><strong>TODOS OS VEICULOS<\/strong><\/span><br \/>\n<span style=\"font-size: 16px; color: #000000;\"><strong>Fun\u00e7\u00e3o:<\/strong><\/span><br \/>\n<span style=\"font-size: 16px; color: #000000;\"><strong>Na pr\u00e1tica, o\u00a0flu\u00eddo\u00a0\u00e9 o \u00fanico respons\u00e1vel pela transmiss\u00e3o de press\u00e3o gerada no cilindro mestre para os\u00a0freios\u00a0das rodas. Assim, \u00e9 ele que empurra as pastilhas contra os discos de\u00a0freio, fazendo o\u00a0veiculo frear .<\/strong><\/span><\/p>\n","protected":false},"featured_media":4892,"comment_status":"open","ping_status":"closed","template":"","meta":{"om_disable_all_campaigns":false,"jetpack_publicize_message":"","jetpack_publicize_feature_enabled":true,"jetpack_social_post_already_shared":true,"jetpack_social_options":{"image_generator_settings":{"template":"highway","default_image_id":0,"font":"","enabled":false},"version":2}},"product_brand":[],"product_cat":[49],"product_tag":[],"class_list":{"0":"post-4891","1":"product","2":"type-product","3":"status-publish","4":"has-post-thumbnail","6":"product_cat-oleos-fluidos","8":"first","9":"instock","10":"sale","11":"featured","12":"shipping-taxable","13":"purchasable","14":"product-type-simple"},"jetpack_publicize_connections":[],"jetpack_sharing_enabled":true,"_links":{"self":[{"href":"https:\/\/reybrasilautopecas.com.br\/index.php?rest_route=\/wp\/v2\/product\/4891","targetHints":{"allow":["GET"]}}],"collection":[{"href":"https:\/\/reybrasilautopecas.com.br\/index.php?rest_route=\/wp\/v2\/product"}],"about":[{"href":"https:\/\/reybrasilautopecas.com.br\/index.php?rest_route=\/wp\/v2\/types\/product"}],"replies":[{"embeddable":true,"href":"https:\/\/reybrasilautopecas.com.br\/index.php?rest_route=%2Fwp%2Fv2%2Fcomments&post=4891"}],"wp:featuredmedia":[{"embeddable":true,"href":"https:\/\/reybrasilautopecas.com.br\/index.php?rest_route=\/wp\/v2\/media\/4892"}],"wp:attachment":[{"href":"https:\/\/reybrasilautopecas.com.br\/index.php?rest_route=%2Fwp%2Fv2%2Fmedia&parent=4891"}],"wp:term":[{"taxonomy":"product_brand","embeddable":true,"href":"https:\/\/reybrasilautopecas.com.br\/index.php?rest_route=%2Fwp%2Fv2%2Fproduct_brand&post=4891"},{"taxonomy":"product_cat","embeddable":true,"href":"https:\/\/reybrasilautopecas.com.br\/index.php?rest_route=%2Fwp%2Fv2%2Fproduct_cat&post=4891"},{"taxonomy":"product_tag","embeddable":true,"href":"https:\/\/reybrasilautopecas.com.br\/index.php?rest_route=%2Fwp%2Fv2%2Fproduct_tag&post=4891"}],"curies":[{"name":"wp","href":"https:\/\/api.w.org\/{rel}","templated":true}]}}