{"id":4557,"date":"2023-02-25T10:56:26","date_gmt":"2023-02-25T13:56:26","guid":{"rendered":"https:\/\/reybrasilautopecas.com.br\/?post_type=product&#038;p=4557"},"modified":"2024-11-01T09:19:55","modified_gmt":"2024-11-01T12:19:55","slug":"coxim-inferior-cambio-nissan-versa-1-6-2012-2016","status":"publish","type":"product","link":"https:\/\/reybrasilautopecas.com.br\/?product=coxim-inferior-cambio-nissan-versa-1-6-2012-2016","title":{"rendered":"Coxim Inferior Cambio Versa 1.6 2012\/2016 N5090"},"content":{"rendered":"<p><span style=\"color: #000000; font-size: 16px;\"><strong>APLICA\u00c7\u00c3O:<\/strong><\/span><br \/>\n<span style=\"color: #000000; font-size: 16px;\"><strong>NISSAN VERSA 1.6 2012 A 2016<\/strong><\/span><br \/>\n<span style=\"color: #000000; font-size: 16px;\"><strong>NISSAN MARCH 1.6 2012 A 2016<\/strong><\/span><\/p>\n<p><span style=\"color: #000000; font-size: 16px;\"><strong>NUMERO ORIGINAL: 113601HC0D<\/strong><\/span><\/p>\n","protected":false},"excerpt":{"rendered":"<p><span style=\"color: #000000;\"><strong><span style=\"font-size: 16px;\">DESCRI\u00c7\u00c3O<\/span><\/strong><\/span><\/p>\n<p><span style=\"color: #000000;\"><strong><span style=\"font-size: 16px;\">COXIM CAMBIO TRASEIRO INFERIOR<\/span><\/strong><\/span><\/p>\n<p><span style=\"color: #000000;\"><strong><span style=\"font-size: 16px;\">REFERENCIA ORIGINAL:<\/span><\/strong><\/span><br \/>\n<span style=\"color: #000000;\"><strong><span style=\"font-size: 16px;\">&#8211; PE\u00c7A DE \u00d3TIMA QUALIDADE, RESPEITO AO MEIO AMBIENTE, ISO 9001, PRODUZIDA DENTRO DAS MEDIDAS, PADR\u00d5ES E ESPECIFICA\u00c7\u00d5ES ORIGINAIS DE MONTADORA!<\/span><\/strong><\/span><\/p>\n","protected":false},"featured_media":4558,"comment_status":"open","ping_status":"closed","template":"","meta":{"om_disable_all_campaigns":false,"jetpack_publicize_message":"","jetpack_publicize_feature_enabled":true,"jetpack_social_post_already_shared":true,"jetpack_social_options":{"image_generator_settings":{"template":"highway","default_image_id":0,"font":"","enabled":false},"version":2}},"product_brand":[],"product_cat":[128],"product_tag":[],"class_list":{"0":"post-4557","1":"product","2":"type-product","3":"status-publish","4":"has-post-thumbnail","6":"product_cat-coxim-cambio","8":"first","9":"outofstock","10":"sale","11":"featured","12":"shipping-taxable","13":"purchasable","14":"product-type-simple"},"jetpack_publicize_connections":[],"jetpack_sharing_enabled":true,"_links":{"self":[{"href":"https:\/\/reybrasilautopecas.com.br\/index.php?rest_route=\/wp\/v2\/product\/4557","targetHints":{"allow":["GET"]}}],"collection":[{"href":"https:\/\/reybrasilautopecas.com.br\/index.php?rest_route=\/wp\/v2\/product"}],"about":[{"href":"https:\/\/reybrasilautopecas.com.br\/index.php?rest_route=\/wp\/v2\/types\/product"}],"replies":[{"embeddable":true,"href":"https:\/\/reybrasilautopecas.com.br\/index.php?rest_route=%2Fwp%2Fv2%2Fcomments&post=4557"}],"wp:featuredmedia":[{"embeddable":true,"href":"https:\/\/reybrasilautopecas.com.br\/index.php?rest_route=\/wp\/v2\/media\/4558"}],"wp:attachment":[{"href":"https:\/\/reybrasilautopecas.com.br\/index.php?rest_route=%2Fwp%2Fv2%2Fmedia&parent=4557"}],"wp:term":[{"taxonomy":"product_brand","embeddable":true,"href":"https:\/\/reybrasilautopecas.com.br\/index.php?rest_route=%2Fwp%2Fv2%2Fproduct_brand&post=4557"},{"taxonomy":"product_cat","embeddable":true,"href":"https:\/\/reybrasilautopecas.com.br\/index.php?rest_route=%2Fwp%2Fv2%2Fproduct_cat&post=4557"},{"taxonomy":"product_tag","embeddable":true,"href":"https:\/\/reybrasilautopecas.com.br\/index.php?rest_route=%2Fwp%2Fv2%2Fproduct_tag&post=4557"}],"curies":[{"name":"wp","href":"https:\/\/api.w.org\/{rel}","templated":true}]}}