{"id":4536,"date":"2023-01-26T16:04:41","date_gmt":"2023-01-26T19:04:41","guid":{"rendered":"https:\/\/reybrasilautopecas.com.br\/?post_type=product&#038;p=4536"},"modified":"2025-06-14T10:36:28","modified_gmt":"2025-06-14T13:36:28","slug":"sensor-nivel-combustivel-tracker-1-816v-apos-2014-tsa010228","status":"publish","type":"product","link":"https:\/\/reybrasilautopecas.com.br\/?product=sensor-nivel-combustivel-tracker-1-816v-apos-2014-tsa010228","title":{"rendered":"Sensor N\u00edvel Combust\u00edvel Tracker 1.8 16v Ap\u00f3s 2014 TSA010228"},"content":{"rendered":"<p><span style=\"color: #000000;\"><strong><span style=\"font-size: 16px;\">Aplica\u00e7\u00e3o:<\/span><\/strong><\/span><\/p>\n<p><span style=\"color: #000000;\"><strong><span style=\"font-size: 16px;\"> GM Tracker 1.8 16V (14&gt;16)<\/span><\/strong><\/span><\/p>\n","protected":false},"excerpt":{"rendered":"<div class=\"ui-slider-tabs-list-wrapper\">\n<div class=\"ui-slider-tabs-list-container\">\n<ul class=\"ui-slider-tabs-list\">\n<li class=\"selected\">\n<h3 class=\"titleBox\"><span style=\"color: #000000;\"><strong><span style=\"font-size: 16px;\">DESCRI\u00c7\u00c3O DO PRODUTO<\/span><\/strong><\/span><\/h3>\n<\/li>\n<\/ul>\n<\/div>\n<\/div>\n<div class=\"ui-slider-tabs-content-container\">\n<div id=\"conteudo-0\" class=\"ui-slider-tab-content selected\">\n<div class=\"conteudoAbasProduto\">\n<div class=\"paddingbox\"><span style=\"color: #000000;\"><strong><span style=\"font-size: 16px;\">Sensor de N\u00edvel TSA T-010228, a TSA \u00e9 uma empresa 100% nacional especializada na fabrica\u00e7\u00e3o de sensores de n\u00edvel ou b\u00f3ia de tanque como \u00e9 popularmente conhecida, o grande diferencial \u00e9 que a TSA fabrica 100% dos seus componentes como haste, flutuador de ebonite ou pl\u00e1stico e tickfilm (resist\u00eancia).<\/span><\/strong><\/span><br \/>\n<span style=\"color: #000000;\"><strong><span style=\"font-size: 16px;\">Dessa forma \u00e9 poss\u00edvel assegurar que o mesmo produto fornecido para a linha de montagem ser\u00e1 entregue para a reposi\u00e7\u00e3o com as mesmas caracter\u00edsticas e mesma qualidade.<\/span><\/strong><\/span><\/div>\n<\/div>\n<\/div>\n<\/div>\n","protected":false},"featured_media":4537,"comment_status":"open","ping_status":"closed","template":"","meta":{"om_disable_all_campaigns":false,"jetpack_publicize_message":"","jetpack_publicize_feature_enabled":true,"jetpack_social_post_already_shared":true,"jetpack_social_options":{"image_generator_settings":{"template":"highway","default_image_id":0,"font":"","enabled":false},"version":2}},"product_brand":[],"product_cat":[122],"product_tag":[],"class_list":{"0":"post-4536","1":"product","2":"type-product","3":"status-publish","4":"has-post-thumbnail","6":"product_cat-sensor-nivel","8":"first","9":"instock","10":"featured","11":"shipping-taxable","12":"purchasable","13":"product-type-simple"},"jetpack_publicize_connections":[],"jetpack_sharing_enabled":true,"_links":{"self":[{"href":"https:\/\/reybrasilautopecas.com.br\/index.php?rest_route=\/wp\/v2\/product\/4536","targetHints":{"allow":["GET"]}}],"collection":[{"href":"https:\/\/reybrasilautopecas.com.br\/index.php?rest_route=\/wp\/v2\/product"}],"about":[{"href":"https:\/\/reybrasilautopecas.com.br\/index.php?rest_route=\/wp\/v2\/types\/product"}],"replies":[{"embeddable":true,"href":"https:\/\/reybrasilautopecas.com.br\/index.php?rest_route=%2Fwp%2Fv2%2Fcomments&post=4536"}],"wp:featuredmedia":[{"embeddable":true,"href":"https:\/\/reybrasilautopecas.com.br\/index.php?rest_route=\/wp\/v2\/media\/4537"}],"wp:attachment":[{"href":"https:\/\/reybrasilautopecas.com.br\/index.php?rest_route=%2Fwp%2Fv2%2Fmedia&parent=4536"}],"wp:term":[{"taxonomy":"product_brand","embeddable":true,"href":"https:\/\/reybrasilautopecas.com.br\/index.php?rest_route=%2Fwp%2Fv2%2Fproduct_brand&post=4536"},{"taxonomy":"product_cat","embeddable":true,"href":"https:\/\/reybrasilautopecas.com.br\/index.php?rest_route=%2Fwp%2Fv2%2Fproduct_cat&post=4536"},{"taxonomy":"product_tag","embeddable":true,"href":"https:\/\/reybrasilautopecas.com.br\/index.php?rest_route=%2Fwp%2Fv2%2Fproduct_tag&post=4536"}],"curies":[{"name":"wp","href":"https:\/\/api.w.org\/{rel}","templated":true}]}}