{"id":4379,"date":"2022-11-25T16:02:49","date_gmt":"2022-11-25T19:02:49","guid":{"rendered":"https:\/\/reybrasilautopecas.com.br\/?post_type=product&#038;p=4379"},"modified":"2024-11-04T15:26:38","modified_gmt":"2024-11-04T18:26:38","slug":"quebra-sol-lado-direito-fiat-palio-strada-siena-uno-original-0735365034","status":"publish","type":"product","link":"https:\/\/reybrasilautopecas.com.br\/?product=quebra-sol-lado-direito-fiat-palio-strada-siena-uno-original-0735365034","title":{"rendered":"Quebra Sol Lado Direito Fiat Palio Strada Siena Uno Original 0735365034"},"content":{"rendered":"<p><span style=\"font-size: 16px;\"><strong>Aplica\u00e7\u00f5es:<\/strong><\/span><\/p>\n<p><span style=\"font-size: 16px;\"><strong>Fiat Palio 1996 a 2017 (Exceto Novo Palio)<\/strong><\/span><br \/>\n<span style=\"font-size: 16px;\"><strong>Fiat Siena 1996 a 2017<\/strong><\/span><br \/>\n<span style=\"font-size: 16px;\"><strong>Fiat Strada 1996 a 2020<\/strong><\/span><br \/>\n<span style=\"font-size: 16px;\"><strong>Fiat Weekend 1996 a 2020<\/strong><\/span><br \/>\n<span style=\"font-size: 16px;\"><strong>Novo Uno 2011 a 2014<\/strong><\/span><\/p>\n","protected":false},"excerpt":{"rendered":"<h2 class=\"ui-pdp-description__title\"><span style=\"color: #000000;\"><strong><span style=\"font-size: 16px;\">Descri\u00e7\u00e3o<\/span><\/strong><\/span><\/h2>\n<p class=\"ui-pdp-description__content\"><span style=\"color: #000000;\"><strong><span style=\"font-size: 16px;\">Quebra Sol Lado Direito Passageiro com Espelho e sem Luz de Cortesia do Fiat Palio Siena Strada Weekend e Novo Uno ORIGINAL<\/span><\/strong><\/span><br \/>\n<span style=\"color: #000000;\"><strong><span style=\"font-size: 16px;\">Cor: Cinza Claro conforme fotos<\/span><\/strong><\/span><br \/>\n<span style=\"color: #000000;\"><strong><span style=\"font-size: 16px;\">Marca: Mopar Fiat Genu\u00edno 735365034<\/span><\/strong><\/span><br \/>\n<span style=\"color: #000000;\"><strong><span style=\"font-size: 16px;\">D\u00ea preferencia por pe\u00e7as genu\u00ednas. Seu Fiat agradece.<\/span><\/strong><\/span><\/p>\n","protected":false},"featured_media":4380,"comment_status":"open","ping_status":"closed","template":"","meta":{"om_disable_all_campaigns":false,"jetpack_publicize_message":"","jetpack_publicize_feature_enabled":true,"jetpack_social_post_already_shared":true,"jetpack_social_options":{"image_generator_settings":{"template":"highway","default_image_id":0,"font":"","enabled":false},"version":2}},"product_brand":[],"product_cat":[137],"product_tag":[],"class_list":{"0":"post-4379","1":"product","2":"type-product","3":"status-publish","4":"has-post-thumbnail","6":"product_cat-acessorios","8":"first","9":"outofstock","10":"sale","11":"shipping-taxable","12":"purchasable","13":"product-type-simple"},"jetpack_publicize_connections":[],"jetpack_sharing_enabled":true,"_links":{"self":[{"href":"https:\/\/reybrasilautopecas.com.br\/index.php?rest_route=\/wp\/v2\/product\/4379","targetHints":{"allow":["GET"]}}],"collection":[{"href":"https:\/\/reybrasilautopecas.com.br\/index.php?rest_route=\/wp\/v2\/product"}],"about":[{"href":"https:\/\/reybrasilautopecas.com.br\/index.php?rest_route=\/wp\/v2\/types\/product"}],"replies":[{"embeddable":true,"href":"https:\/\/reybrasilautopecas.com.br\/index.php?rest_route=%2Fwp%2Fv2%2Fcomments&post=4379"}],"wp:featuredmedia":[{"embeddable":true,"href":"https:\/\/reybrasilautopecas.com.br\/index.php?rest_route=\/wp\/v2\/media\/4380"}],"wp:attachment":[{"href":"https:\/\/reybrasilautopecas.com.br\/index.php?rest_route=%2Fwp%2Fv2%2Fmedia&parent=4379"}],"wp:term":[{"taxonomy":"product_brand","embeddable":true,"href":"https:\/\/reybrasilautopecas.com.br\/index.php?rest_route=%2Fwp%2Fv2%2Fproduct_brand&post=4379"},{"taxonomy":"product_cat","embeddable":true,"href":"https:\/\/reybrasilautopecas.com.br\/index.php?rest_route=%2Fwp%2Fv2%2Fproduct_cat&post=4379"},{"taxonomy":"product_tag","embeddable":true,"href":"https:\/\/reybrasilautopecas.com.br\/index.php?rest_route=%2Fwp%2Fv2%2Fproduct_tag&post=4379"}],"curies":[{"name":"wp","href":"https:\/\/api.w.org\/{rel}","templated":true}]}}