{"id":4363,"date":"2022-10-08T10:17:34","date_gmt":"2022-10-08T13:17:34","guid":{"rendered":"https:\/\/reybrasilautopecas.com.br\/?post_type=product&#038;p=4363"},"modified":"2024-11-04T15:32:30","modified_gmt":"2024-11-04T18:32:30","slug":"farol-gol-voyage-saveiro-g5-2009-2012-cromado-foco-simples-direito","status":"publish","type":"product","link":"https:\/\/reybrasilautopecas.com.br\/?product=farol-gol-voyage-saveiro-g5-2009-2012-cromado-foco-simples-direito","title":{"rendered":"Farol Gol Voyage Saveiro G5 2009\/2012 Cromado \/ Foco Simples Direito"},"content":{"rendered":"<p><span style=\"color: #000000;\"><strong><span style=\"font-size: 16px;\">APLICA\u00c7\u00c3O:<\/span><\/strong><\/span><\/p>\n<p><span style=\"color: #000000;\"><strong><span style=\"font-size: 16px;\">&#8211; GOL \/ VOYAGE \/ SAVEIRO<\/span><\/strong><\/span><br \/>\n<span style=\"color: #000000;\"><strong><span style=\"font-size: 16px;\">ANOS: 2009 \/ 2010 \/ 2011 \/ 2012<\/span><\/strong><\/span><\/p>\n","protected":false},"excerpt":{"rendered":"<p><span style=\"color: #000000; font-size: 16px;\"><strong>Descri\u00e7\u00e3o<\/strong><\/span><\/p>\n<p><span style=\"color: #000000; font-size: 16px;\"><strong>NOVO ORIGINAL VOLKSWAGEN<\/strong><\/span><br \/>\n<span style=\"color: #000000; font-size: 16px;\"><strong>C\u00d3D. ORIGINAL: 5U0941006 OU 200076.2<\/strong><\/span><\/p>\n<p><span style=\"color: #000000; font-size: 16px;\"><strong>ATEN\u00c7\u00c3O: VERIFIQUE A MARCA DE SEU FAROL, O FAROL ANUNCIADO \u00c9 FABRICADO PELA\u00a0<\/strong><\/span><\/p>\n<p><span style=\"color: #000000; font-size: 16px;\"><strong>LADO: DIREITO (PASSAGEIRO)<\/strong><\/span><\/p>\n<p><span style=\"color: #000000; font-size: 16px;\"><strong>&#8211; MODELO: CROMADO \/ FOCO SIMPLES<\/strong><\/span><\/p>\n","protected":false},"featured_media":4364,"comment_status":"open","ping_status":"closed","template":"","meta":{"om_disable_all_campaigns":false,"jetpack_publicize_message":"","jetpack_publicize_feature_enabled":true,"jetpack_social_post_already_shared":false,"jetpack_social_options":{"image_generator_settings":{"template":"highway","default_image_id":0,"font":"","enabled":false},"version":2}},"product_brand":[],"product_cat":[137],"product_tag":[],"class_list":{"0":"post-4363","1":"product","2":"type-product","3":"status-publish","4":"has-post-thumbnail","6":"product_cat-acessorios","8":"first","9":"outofstock","10":"sale","11":"shipping-taxable","12":"purchasable","13":"product-type-simple"},"jetpack_publicize_connections":[],"jetpack_sharing_enabled":true,"_links":{"self":[{"href":"https:\/\/reybrasilautopecas.com.br\/index.php?rest_route=\/wp\/v2\/product\/4363","targetHints":{"allow":["GET"]}}],"collection":[{"href":"https:\/\/reybrasilautopecas.com.br\/index.php?rest_route=\/wp\/v2\/product"}],"about":[{"href":"https:\/\/reybrasilautopecas.com.br\/index.php?rest_route=\/wp\/v2\/types\/product"}],"replies":[{"embeddable":true,"href":"https:\/\/reybrasilautopecas.com.br\/index.php?rest_route=%2Fwp%2Fv2%2Fcomments&post=4363"}],"wp:featuredmedia":[{"embeddable":true,"href":"https:\/\/reybrasilautopecas.com.br\/index.php?rest_route=\/wp\/v2\/media\/4364"}],"wp:attachment":[{"href":"https:\/\/reybrasilautopecas.com.br\/index.php?rest_route=%2Fwp%2Fv2%2Fmedia&parent=4363"}],"wp:term":[{"taxonomy":"product_brand","embeddable":true,"href":"https:\/\/reybrasilautopecas.com.br\/index.php?rest_route=%2Fwp%2Fv2%2Fproduct_brand&post=4363"},{"taxonomy":"product_cat","embeddable":true,"href":"https:\/\/reybrasilautopecas.com.br\/index.php?rest_route=%2Fwp%2Fv2%2Fproduct_cat&post=4363"},{"taxonomy":"product_tag","embeddable":true,"href":"https:\/\/reybrasilautopecas.com.br\/index.php?rest_route=%2Fwp%2Fv2%2Fproduct_tag&post=4363"}],"curies":[{"name":"wp","href":"https:\/\/api.w.org\/{rel}","templated":true}]}}