{"id":4356,"date":"2022-09-28T09:21:18","date_gmt":"2022-09-28T12:21:18","guid":{"rendered":"https:\/\/reybrasilautopecas.com.br\/?post_type=product&#038;p=4356"},"modified":"2025-02-17T14:38:46","modified_gmt":"2025-02-17T17:38:46","slug":"chave-seta-kombi-1997-2014-kostal-1911331","status":"publish","type":"product","link":"https:\/\/reybrasilautopecas.com.br\/?product=chave-seta-kombi-1997-2014-kostal-1911331","title":{"rendered":"Chave Seta Kombi 1997\/2014 Kostal 1911331"},"content":{"rendered":"<p><span style=\"color: #000000;\"><strong><span style=\"font-size: 16px;\">Aplica\u00e7\u00e3o<\/span><\/strong><\/span><\/p>\n<p><span style=\"color: #000000;\"><strong><span style=\"font-size: 16px;\">Kombi 1997<\/span><\/strong><\/span><br \/>\n<span style=\"color: #000000;\"><strong><span style=\"font-size: 16px;\">Kombi 1998<\/span><\/strong><\/span><br \/>\n<span style=\"color: #000000;\"><strong><span style=\"font-size: 16px;\">Kombi 1999<\/span><\/strong><\/span><br \/>\n<span style=\"color: #000000;\"><strong><span style=\"font-size: 16px;\">Kombi 2000<\/span><\/strong><\/span><br \/>\n<span style=\"color: #000000;\"><strong><span style=\"font-size: 16px;\">Kombi 2001<\/span><\/strong><\/span><br \/>\n<span style=\"color: #000000;\"><strong><span style=\"font-size: 16px;\">Kombi 2002<\/span><\/strong><\/span><br \/>\n<span style=\"color: #000000;\"><strong><span style=\"font-size: 16px;\">Kombi 2003<\/span><\/strong><\/span><br \/>\n<span style=\"color: #000000;\"><strong><span style=\"font-size: 16px;\">Kombi 2004<\/span><\/strong><\/span><br \/>\n<span style=\"color: #000000;\"><strong><span style=\"font-size: 16px;\">Kombi 2005<\/span><\/strong><\/span><br \/>\n<span style=\"color: #000000;\"><strong><span style=\"font-size: 16px;\">Kombi 2006<\/span><\/strong><\/span><br \/>\n<span style=\"color: #000000;\"><strong><span style=\"font-size: 16px;\">Kombi 2007<\/span><\/strong><\/span><br \/>\n<span style=\"color: #000000;\"><strong><span style=\"font-size: 16px;\">Kombi 2008<\/span><\/strong><\/span><br \/>\n<span style=\"color: #000000;\"><strong><span style=\"font-size: 16px;\">Kombi 2009<\/span><\/strong><\/span><br \/>\n<span style=\"color: #000000;\"><strong><span style=\"font-size: 16px;\">Kombi 2010<\/span><\/strong><\/span><br \/>\n<span style=\"color: #000000;\"><strong><span style=\"font-size: 16px;\">Kombi 2011<\/span><\/strong><\/span><br \/>\n<span style=\"color: #000000;\"><strong><span style=\"font-size: 16px;\">Kombi 2012<\/span><\/strong><\/span><br \/>\n<span style=\"color: #000000;\"><strong><span style=\"font-size: 16px;\">Kombi 2013<\/span><\/strong><\/span><br \/>\n<span style=\"color: #000000;\"><strong><span style=\"font-size: 16px;\">Kombi 2014<\/span><\/strong><\/span><\/p>\n","protected":false},"excerpt":{"rendered":"<p><span style=\"color: #000000;\"><strong><span style=\"font-size: 16px;\">Descri\u00e7\u00e3o<\/span><\/strong><\/span><\/p>\n<p><span style=\"color: #000000;\"><strong><span style=\"font-size: 16px;\">Especifica\u00e7\u00f5es t\u00e9cnicas:<\/span><\/strong><\/span><br \/>\n<span style=\"color: #000000;\"><strong><span style=\"font-size: 16px;\">F\u00e1cil de limpar<\/span><\/strong><\/span><br \/>\n<span style=\"color: #000000;\"><strong><span style=\"font-size: 16px;\">Desenvolvida sob medida<\/span><\/strong><\/span><br \/>\n<span style=\"color: #000000;\"><strong><span style=\"font-size: 16px;\">Codigo Kostal 1911331<\/span><\/strong><\/span><br \/>\n<span style=\"color: #000000;\"><strong><span style=\"font-size: 16px;\">Codigo Original 2379535131<\/span><\/strong><\/span><\/p>\n<p><span style=\"color: #000000;\"><strong><span style=\"font-size: 16px;\">Conte\u00fado da embalagem<\/span><\/strong><\/span><br \/>\n<span style=\"color: #000000;\"><strong><span style=\"font-size: 16px;\">01 chave de seta kostal<\/span><\/strong><\/span><\/p>\n<p class=\"ui-pdp-description__content\"><strong><span style=\"font-size: 18px; color: #ff0000;\">SOLICITAMOS O ENVIO DAS FOTOS E APLICA\u00c7\u00c3O CORRETA , PARA N\u00c3O FAZER A COMPRA ERRADA\u00a0<\/span><\/strong><\/p>\n<p><strong><span style=\"font-size: 18px; color: #ff0000;\">WHATS 11 4411-1838<\/span><\/strong><\/p>\n","protected":false},"featured_media":4358,"comment_status":"open","ping_status":"closed","template":"","meta":{"om_disable_all_campaigns":false,"jetpack_publicize_message":"","jetpack_publicize_feature_enabled":true,"jetpack_social_post_already_shared":false,"jetpack_social_options":{"image_generator_settings":{"template":"highway","default_image_id":0,"font":"","enabled":false},"version":2}},"product_brand":[],"product_cat":[48],"product_tag":[],"class_list":{"0":"post-4356","1":"product","2":"type-product","3":"status-publish","4":"has-post-thumbnail","6":"product_cat-eletrica-eletronica","8":"first","9":"outofstock","10":"sale","11":"featured","12":"shipping-taxable","13":"purchasable","14":"product-type-simple"},"jetpack_publicize_connections":[],"jetpack_sharing_enabled":true,"_links":{"self":[{"href":"https:\/\/reybrasilautopecas.com.br\/index.php?rest_route=\/wp\/v2\/product\/4356","targetHints":{"allow":["GET"]}}],"collection":[{"href":"https:\/\/reybrasilautopecas.com.br\/index.php?rest_route=\/wp\/v2\/product"}],"about":[{"href":"https:\/\/reybrasilautopecas.com.br\/index.php?rest_route=\/wp\/v2\/types\/product"}],"replies":[{"embeddable":true,"href":"https:\/\/reybrasilautopecas.com.br\/index.php?rest_route=%2Fwp%2Fv2%2Fcomments&post=4356"}],"wp:featuredmedia":[{"embeddable":true,"href":"https:\/\/reybrasilautopecas.com.br\/index.php?rest_route=\/wp\/v2\/media\/4358"}],"wp:attachment":[{"href":"https:\/\/reybrasilautopecas.com.br\/index.php?rest_route=%2Fwp%2Fv2%2Fmedia&parent=4356"}],"wp:term":[{"taxonomy":"product_brand","embeddable":true,"href":"https:\/\/reybrasilautopecas.com.br\/index.php?rest_route=%2Fwp%2Fv2%2Fproduct_brand&post=4356"},{"taxonomy":"product_cat","embeddable":true,"href":"https:\/\/reybrasilautopecas.com.br\/index.php?rest_route=%2Fwp%2Fv2%2Fproduct_cat&post=4356"},{"taxonomy":"product_tag","embeddable":true,"href":"https:\/\/reybrasilautopecas.com.br\/index.php?rest_route=%2Fwp%2Fv2%2Fproduct_tag&post=4356"}],"curies":[{"name":"wp","href":"https:\/\/api.w.org\/{rel}","templated":true}]}}