{"id":4033,"date":"2022-08-19T08:42:18","date_gmt":"2022-08-19T11:42:18","guid":{"rendered":"https:\/\/reybrasilautopecas.com.br\/?post_type=product&#038;p=4033"},"modified":"2025-02-20T15:33:30","modified_gmt":"2025-02-20T18:33:30","slug":"sonda-lambda-corsa-montana-meriva-1-8-ntk-oza739-ee39","status":"publish","type":"product","link":"https:\/\/reybrasilautopecas.com.br\/?product=sonda-lambda-corsa-montana-meriva-1-8-ntk-oza739-ee39","title":{"rendered":"Sonda Lambda Corsa, Montana, Meriva 1.8 NTK OZA739EE39"},"content":{"rendered":"<p><span style=\"color: #000000;\"><strong><span style=\"font-size: 16px;\">Aplica\u00e7\u00e3o<\/span><\/strong><\/span><\/p>\n<p><span style=\"color: #000000;\"><strong><span style=\"font-size: 16px;\">CORSA 1.8 FLEX (04&gt;05) <\/span><\/strong><\/span><\/p>\n<p><span style=\"color: #000000;\"><strong><span style=\"font-size: 16px;\">\u00a0MERIVA 1.8 FLEX (04&gt;05)<\/span><\/strong><\/span><\/p>\n<p><span style=\"color: #000000;\"><strong><span style=\"font-size: 16px;\"> MONTANA 1.8 FLEX (04&gt;05) &#8211; PR\u00c9 CATALISADOR<\/span><\/strong><\/span><\/p>\n","protected":false},"excerpt":{"rendered":"<div class=\"ui-slider-tabs-list-wrapper\">\n<div class=\"ui-slider-tabs-list-container\">\n<h3 class=\"titleBox\"><span style=\"color: #000000;\"><strong><span style=\"font-size: 16px;\">Descri\u00e7\u00e3o<\/span><\/strong><\/span><\/h3>\n<\/div>\n<\/div>\n<div class=\"ui-slider-tabs-content-container\">\n<div id=\"conteudo-0\" class=\"ui-slider-tab-content selected\">\n<div class=\"conteudoAbasProduto\">\n<div class=\"paddingbox\"><span style=\"color: #000000;\"><strong><span style=\"font-size: 16px;\">Sonda Lambda (Sensor de Oxig\u00eanio) NTK, sua fun\u00e7\u00e3o \u00e9 detectar a concentra\u00e7\u00e3o de oxig\u00eanio nos gases de escape e informar a unidade de controle quanto as condi\u00e7\u00f5es da mistura ar \/ combust\u00edvel queimada, o sensor faz isso comparando a quantidade de oxig\u00eanio presente nos gases de escape com o ar ambiente e gera um sinal el\u00e9trico para a central que utiliza essa informa\u00e7\u00e3o para ajustar a quantidade de combust\u00edvel a ser injetada no motor.<\/span><\/strong><\/span><\/div>\n<\/div>\n<\/div>\n<\/div>\n","protected":false},"featured_media":4034,"comment_status":"open","ping_status":"closed","template":"","meta":{"om_disable_all_campaigns":false,"jetpack_publicize_message":"","jetpack_publicize_feature_enabled":true,"jetpack_social_post_already_shared":false,"jetpack_social_options":{"image_generator_settings":{"template":"highway","default_image_id":0,"font":"","enabled":false},"version":2}},"product_brand":[],"product_cat":[147,44],"product_tag":[],"class_list":{"0":"post-4033","1":"product","2":"type-product","3":"status-publish","4":"has-post-thumbnail","6":"product_cat-injecao-eletronica","7":"product_cat-motor","9":"first","10":"outofstock","11":"sale","12":"shipping-taxable","13":"purchasable","14":"product-type-simple"},"jetpack_publicize_connections":[],"jetpack_sharing_enabled":true,"_links":{"self":[{"href":"https:\/\/reybrasilautopecas.com.br\/index.php?rest_route=\/wp\/v2\/product\/4033","targetHints":{"allow":["GET"]}}],"collection":[{"href":"https:\/\/reybrasilautopecas.com.br\/index.php?rest_route=\/wp\/v2\/product"}],"about":[{"href":"https:\/\/reybrasilautopecas.com.br\/index.php?rest_route=\/wp\/v2\/types\/product"}],"replies":[{"embeddable":true,"href":"https:\/\/reybrasilautopecas.com.br\/index.php?rest_route=%2Fwp%2Fv2%2Fcomments&post=4033"}],"wp:featuredmedia":[{"embeddable":true,"href":"https:\/\/reybrasilautopecas.com.br\/index.php?rest_route=\/wp\/v2\/media\/4034"}],"wp:attachment":[{"href":"https:\/\/reybrasilautopecas.com.br\/index.php?rest_route=%2Fwp%2Fv2%2Fmedia&parent=4033"}],"wp:term":[{"taxonomy":"product_brand","embeddable":true,"href":"https:\/\/reybrasilautopecas.com.br\/index.php?rest_route=%2Fwp%2Fv2%2Fproduct_brand&post=4033"},{"taxonomy":"product_cat","embeddable":true,"href":"https:\/\/reybrasilautopecas.com.br\/index.php?rest_route=%2Fwp%2Fv2%2Fproduct_cat&post=4033"},{"taxonomy":"product_tag","embeddable":true,"href":"https:\/\/reybrasilautopecas.com.br\/index.php?rest_route=%2Fwp%2Fv2%2Fproduct_tag&post=4033"}],"curies":[{"name":"wp","href":"https:\/\/api.w.org\/{rel}","templated":true}]}}