{"id":3768,"date":"2022-07-29T15:00:23","date_gmt":"2022-07-29T18:00:23","guid":{"rendered":"https:\/\/reybrasilautopecas.com.br\/?post_type=product&#038;p=3768"},"modified":"2023-03-10T17:12:16","modified_gmt":"2023-03-10T20:12:16","slug":"junta-homocinetica-new-civic-automatico06-city-fit-1-4-1-5-16v-manual-09-14-jcms-jc1005","status":"publish","type":"product","link":"https:\/\/reybrasilautopecas.com.br\/?product=junta-homocinetica-new-civic-automatico06-city-fit-1-4-1-5-16v-manual-09-14-jcms-jc1005","title":{"rendered":"Junta Homocin\u00e9tica  New Civic Autom\u00e1tico(06\/\u2026)City \/ Fit 1.4 1.5 16V Manual (09\/14) JCMS JC1005"},"content":{"rendered":"<p><strong><span style=\"font-size: 16px;\">Aplica\u00e7\u00e3o<\/span><\/strong><\/p>\n<p><strong><span style=\"font-size: 16px;\">New Civic\u00a0<span class=\"characteristic ng-binding\">1.8 16V C\u00e2mbio autom\u00e1tico<\/span>\u00a0\u00a02006, 2007, 2008, 2009, 2010, 2011<\/span><\/strong><\/p>\n<p><strong><span style=\"font-size: 16px;\">City\u00a0<span class=\"characteristic ng-binding\">1.5 16V \u2013 C\u00e2mbio manual\u00a0<\/span>\u00a02009, 2010, 2011, 2012, 2013, 2014<\/span><\/strong><\/p>\n<p><strong><span style=\"font-size: 16px;\">New Fit\u00a0<span class=\"characteristic ng-binding\">1.4 8V\/ 1.5 \u2013 C\u00e2mbio manual<\/span>\u00a0\u00a02009, 2010, 2011, 2012, 2013, 2014<\/span><\/strong><\/p>\n","protected":false},"excerpt":{"rendered":"<h2><span style=\"color: #000000;\"><strong><span style=\"font-size: 16px;\">Descri\u00e7\u00e3o<\/span><\/strong><\/span><\/h2>\n<p><span style=\"color: #000000;\"><strong><span class=\"ILfuVd\" lang=\"pt\" style=\"font-size: 16px;\"><span class=\"hgKElc\">As juntas homocin\u00e9ticas s\u00e3o respons\u00e1veis por transmitir velocidade constante da sa\u00edda do diferencial para as rodas, permitindo movimentos angulares e telesc\u00f3picos resultante do movimento da suspens\u00e3o.<\/span><\/span><\/strong><\/span><\/p>\n<h2><span style=\"color: #000000;\"><strong><span style=\"font-size: 16px;\"><em>N\u00ba DE DENTES EXTERNO 26 x 22 INTERNO<\/em><\/span><\/strong><\/span><\/h2>\n","protected":false},"featured_media":3769,"comment_status":"open","ping_status":"closed","template":"","meta":{"om_disable_all_campaigns":false,"jetpack_publicize_message":"","jetpack_publicize_feature_enabled":true,"jetpack_social_post_already_shared":false,"jetpack_social_options":{"image_generator_settings":{"template":"highway","default_image_id":0,"font":"","enabled":false},"version":2}},"product_brand":[],"product_cat":[44],"product_tag":[],"class_list":{"0":"post-3768","1":"product","2":"type-product","3":"status-publish","4":"has-post-thumbnail","6":"product_cat-motor","8":"first","9":"instock","10":"sale","11":"featured","12":"shipping-taxable","13":"purchasable","14":"product-type-simple"},"jetpack_publicize_connections":[],"jetpack_sharing_enabled":true,"_links":{"self":[{"href":"https:\/\/reybrasilautopecas.com.br\/index.php?rest_route=\/wp\/v2\/product\/3768","targetHints":{"allow":["GET"]}}],"collection":[{"href":"https:\/\/reybrasilautopecas.com.br\/index.php?rest_route=\/wp\/v2\/product"}],"about":[{"href":"https:\/\/reybrasilautopecas.com.br\/index.php?rest_route=\/wp\/v2\/types\/product"}],"replies":[{"embeddable":true,"href":"https:\/\/reybrasilautopecas.com.br\/index.php?rest_route=%2Fwp%2Fv2%2Fcomments&post=3768"}],"wp:featuredmedia":[{"embeddable":true,"href":"https:\/\/reybrasilautopecas.com.br\/index.php?rest_route=\/wp\/v2\/media\/3769"}],"wp:attachment":[{"href":"https:\/\/reybrasilautopecas.com.br\/index.php?rest_route=%2Fwp%2Fv2%2Fmedia&parent=3768"}],"wp:term":[{"taxonomy":"product_brand","embeddable":true,"href":"https:\/\/reybrasilautopecas.com.br\/index.php?rest_route=%2Fwp%2Fv2%2Fproduct_brand&post=3768"},{"taxonomy":"product_cat","embeddable":true,"href":"https:\/\/reybrasilautopecas.com.br\/index.php?rest_route=%2Fwp%2Fv2%2Fproduct_cat&post=3768"},{"taxonomy":"product_tag","embeddable":true,"href":"https:\/\/reybrasilautopecas.com.br\/index.php?rest_route=%2Fwp%2Fv2%2Fproduct_tag&post=3768"}],"curies":[{"name":"wp","href":"https:\/\/api.w.org\/{rel}","templated":true}]}}