{"id":3619,"date":"2022-07-25T13:50:17","date_gmt":"2022-07-25T16:50:17","guid":{"rendered":"https:\/\/reybrasilautopecas.com.br\/?post_type=product&#038;p=3619"},"modified":"2023-11-21T13:03:06","modified_gmt":"2023-11-21T16:03:06","slug":"bomba-agua-fiat-palio-strada-siena-uno-1-0-1-5-ub0764","status":"publish","type":"product","link":"https:\/\/reybrasilautopecas.com.br\/?product=bomba-agua-fiat-palio-strada-siena-uno-1-0-1-5-ub0764","title":{"rendered":"Bomba Agua Fiat Palio\/strada\/siena\/uno 1.0\/1.5 Ub0764"},"content":{"rendered":"<p><span style=\"color: #000000;\"><strong><span style=\"font-size: 16px;\">Aplica\u00e7\u00e3o<\/span><\/strong><\/span><\/p>\n<p><span style=\"color: #000000;\"><strong><span style=\"font-size: 16px;\">FIAT<\/span><\/strong><\/span><br \/>\n<span style=\"color: #000000;\"><strong><span style=\"font-size: 16px;\">FIORINO 1.5 1996 AT\u00c9 1999<\/span><\/strong><\/span><br \/>\n<span style=\"color: #000000;\"><strong><span style=\"font-size: 16px;\">PALIO 1.0\/1.5 8V 4cil 1996 AT\u00c9 1999<\/span><\/strong><\/span><br \/>\n<span style=\"color: #000000;\"><strong><span style=\"font-size: 16px;\">STRADA 1.0\/1.5 8V 1997 AT\u00c9 1999<\/span><\/strong><\/span><br \/>\n<span style=\"color: #000000;\"><strong><span style=\"font-size: 16px;\">UNO 1.5 1996 AT\u00c9 1999<\/span><\/strong><\/span><br \/>\n<span style=\"color: #000000;\"><strong><span style=\"font-size: 16px;\">SIENA 1.0\/1.5 1999 ATE 2000<\/span><\/strong><\/span><\/p>\n","protected":false},"excerpt":{"rendered":"<p><span style=\"color: #000000;\"><strong><span style=\"font-size: 16px;\">Descri\u00e7\u00e3o<\/span><\/strong><\/span><\/p>\n<p><span style=\"color: #000000;\"><strong><span style=\"font-size: 16px;\">A\u00a0bomba de \u00e1gua\u00a0\u00e9 uma pe\u00e7a de extrema import\u00e2ncia para o funcionamento de um carro. Sua principal fun\u00e7\u00e3o \u00e9 fazer a distribui\u00e7\u00e3o do fluxo de \u00e1gua para todo o\u00a0sistema de resfriamento (arrefecimento)\u00a0do motor.<\/span><\/strong><\/span><br \/>\n<span style=\"color: #000000;\"><strong><span style=\"font-size: 16px;\">Ela funciona da seguinte maneira. A\u00a0bomba\u00a0que fica embutida no motor injeta diretamente no radiador, fazendo a transfer\u00eancia do calor da \u00e1gua para as placas onde se dissipa todo o calor existente.<\/span><\/strong><\/span><\/p>\n<p><span style=\"color: #000000;\"><strong><span style=\"font-size: 16px;\">Caso a\u00a0bomba d&#8217;\u00e1gua\u00a0apresentar problemas, o sistema de arrefecimento pode ficar vulner\u00e1vel, ocorrendo de aquecer e at\u00e9 mesmo ferver o motor. E isso pode ser mais prejudicial, causando a queima da junto do cabe\u00e7ote e entre outras pe\u00e7as.<\/span><\/strong><\/span><br \/>\n<span style=\"color: #000000;\"><strong><span style=\"font-size: 16px;\">Geralmente se a bomba de \u00e1gua estiver comprometida, uma luz se acender\u00e1 em seu painel, \u00e9 de extrema import\u00e2ncia n\u00e3o a ignore.<\/span><\/strong><\/span><\/p>\n<p><span style=\"color: #000000;\"><strong><span style=\"font-size: 16px;\">A vida \u00fatil de uma\u00a0bomba d\u2019\u00e1gua\u00a0\u00e9 relativamente curta, mais \u00e9 um componente que pode ser considerado de custo baixo quando se compara com outras pe\u00e7as de extrema import\u00e2ncia. Recomendamos que a bomba passe por uma verifica\u00e7\u00e3o preventiva a cada 40 mil quil\u00f4metros.<\/span><\/strong><\/span><\/p>\n<p><span style=\"color: #000000;\"><strong><span style=\"font-size: 16px;\">CARACTER\u00cdSTICAS<\/span><\/strong><\/span><br \/>\n<span style=\"color: #000000;\"><strong><span style=\"font-size: 16px;\">\u00a0C\u00f3digo do fabricante: ub0764<\/span><\/strong><\/span><br \/>\n<span style=\"color: #000000;\"><strong><span style=\"font-size: 16px;\">\u00a0Fabricante: urba<\/span><\/strong><\/span><br \/>\n<span style=\"color: #000000;\"><strong><span style=\"font-size: 16px;\">\u00a0Polia: sem polia<\/span><\/strong><\/span><br \/>\n<span style=\"color: #000000;\"><strong><span style=\"font-size: 16px;\">\u00a0Obs 1: 0<\/span><\/strong><\/span><br \/>\n<span style=\"color: #000000;\"><strong><span style=\"font-size: 16px;\">\u00a0Obs 2: 0<\/span><\/strong><\/span><\/p>\n","protected":false},"featured_media":3620,"comment_status":"open","ping_status":"closed","template":"","meta":{"om_disable_all_campaigns":false,"jetpack_publicize_message":"","jetpack_publicize_feature_enabled":true,"jetpack_social_post_already_shared":false,"jetpack_social_options":{"image_generator_settings":{"template":"highway","default_image_id":0,"font":"","enabled":false},"version":2}},"product_brand":[],"product_cat":[153],"product_tag":[],"class_list":{"0":"post-3619","1":"product","2":"type-product","3":"status-publish","4":"has-post-thumbnail","6":"product_cat-bomba-dagua","8":"first","9":"instock","10":"featured","11":"shipping-taxable","12":"purchasable","13":"product-type-simple"},"jetpack_publicize_connections":[],"jetpack_sharing_enabled":true,"_links":{"self":[{"href":"https:\/\/reybrasilautopecas.com.br\/index.php?rest_route=\/wp\/v2\/product\/3619","targetHints":{"allow":["GET"]}}],"collection":[{"href":"https:\/\/reybrasilautopecas.com.br\/index.php?rest_route=\/wp\/v2\/product"}],"about":[{"href":"https:\/\/reybrasilautopecas.com.br\/index.php?rest_route=\/wp\/v2\/types\/product"}],"replies":[{"embeddable":true,"href":"https:\/\/reybrasilautopecas.com.br\/index.php?rest_route=%2Fwp%2Fv2%2Fcomments&post=3619"}],"wp:featuredmedia":[{"embeddable":true,"href":"https:\/\/reybrasilautopecas.com.br\/index.php?rest_route=\/wp\/v2\/media\/3620"}],"wp:attachment":[{"href":"https:\/\/reybrasilautopecas.com.br\/index.php?rest_route=%2Fwp%2Fv2%2Fmedia&parent=3619"}],"wp:term":[{"taxonomy":"product_brand","embeddable":true,"href":"https:\/\/reybrasilautopecas.com.br\/index.php?rest_route=%2Fwp%2Fv2%2Fproduct_brand&post=3619"},{"taxonomy":"product_cat","embeddable":true,"href":"https:\/\/reybrasilautopecas.com.br\/index.php?rest_route=%2Fwp%2Fv2%2Fproduct_cat&post=3619"},{"taxonomy":"product_tag","embeddable":true,"href":"https:\/\/reybrasilautopecas.com.br\/index.php?rest_route=%2Fwp%2Fv2%2Fproduct_tag&post=3619"}],"curies":[{"name":"wp","href":"https:\/\/api.w.org\/{rel}","templated":true}]}}