{"id":3591,"date":"2022-07-25T11:26:55","date_gmt":"2022-07-25T14:26:55","guid":{"rendered":"https:\/\/reybrasilautopecas.com.br\/?post_type=product&#038;p=3591"},"modified":"2025-02-20T16:22:25","modified_gmt":"2025-02-20T19:22:25","slug":"pivo-suspensao-perfect-pvi1004-gol-saveiro","status":"publish","type":"product","link":"https:\/\/reybrasilautopecas.com.br\/?product=pivo-suspensao-perfect-pvi1004-gol-saveiro","title":{"rendered":"Piv\u00f4 Suspens\u00e3o Gol\/Saveiro PVI1004"},"content":{"rendered":"<p><span style=\"color: #000000;\"><strong><span style=\"font-size: 16px;\">Aplica\u00e7\u00e3o<\/span><\/strong><\/span><\/p>\n<p><span style=\"color: #000000;\"><strong><span style=\"font-size: 16px;\">Vw Gol 1.0 1980\/1992<\/span><\/strong><\/span><br \/>\n<span style=\"color: #000000;\"><strong><span style=\"font-size: 16px;\">Vw Parati 1.0 1983\/1992<\/span><\/strong><\/span><br \/>\n<span style=\"color: #000000;\"><strong><span style=\"font-size: 16px;\">Vw Saveiro 1.0 1980\/1992<\/span><\/strong><\/span><br \/>\n<span style=\"color: #000000;\"><strong><span style=\"font-size: 16px;\">Vw Voyage 1.0 1981\/1992<\/span><\/strong><\/span><\/p>\n","protected":false},"excerpt":{"rendered":"<h2 class=\"ui-pdp-description__title\"><span style=\"color: #000000;\"><strong><span style=\"font-size: 16px;\">Descri\u00e7\u00e3o<\/span><\/strong><\/span><\/h2>\n<p class=\"ui-pdp-description__content\"><span style=\"color: #000000;\"><strong><span style=\"font-size: 16px;\">Piv\u00f4 Suspens\u00e3o Perfect PVI1004<\/span><\/strong><\/span><\/p>\n<p><span style=\"color: #000000;\"><strong><span style=\"font-size: 16px;\">Caracter\u00edsticas:<\/span><\/strong><\/span><br \/>\n<span style=\"color: #000000;\"><strong><span style=\"font-size: 16px;\">C\u00f3digo universal de produto : PVI1004<\/span><\/strong><\/span><br \/>\n<span style=\"color: #000000;\"><strong><span style=\"font-size: 16px;\">Condi\u00e7\u00e3o do item : Novo<\/span><\/strong><\/span><br \/>\n<span style=\"color: #000000;\"><strong><span style=\"font-size: 16px;\">Di\u00e2metro da rosca do parafuso : 1 Mm<\/span><\/strong><\/span><br \/>\n<span style=\"color: #000000;\"><strong><span style=\"font-size: 16px;\">Di\u00e2metro externo do piv\u00f4 de suspens\u00e3o : 1 Mm<\/span><\/strong><\/span><br \/>\n<span style=\"color: #000000;\"><strong><span style=\"font-size: 16px;\">Marca : Perfect<\/span><\/strong><\/span><br \/>\n<span style=\"color: #000000;\"><strong><span style=\"font-size: 16px;\">N\u00famero de pe\u00e7a : PVI1004<\/span><\/strong><\/span><br \/>\n<span style=\"color: #000000;\"><strong><span style=\"font-size: 16px;\">Porca inclu\u00edda : N\u00e3o<\/span><\/strong><\/span><br \/>\n<span style=\"color: #000000;\"><strong><span style=\"font-size: 16px;\">Posi\u00e7\u00e3o do piv\u00f4 de suspens\u00e3o : Inferior dianteira<\/span><\/strong><\/span><\/p>\n","protected":false},"featured_media":3592,"comment_status":"open","ping_status":"closed","template":"","meta":{"om_disable_all_campaigns":false,"jetpack_publicize_message":"","jetpack_publicize_feature_enabled":true,"jetpack_social_post_already_shared":false,"jetpack_social_options":{"image_generator_settings":{"template":"highway","default_image_id":0,"font":"","enabled":false},"version":2}},"product_brand":[],"product_cat":[131],"product_tag":[],"class_list":{"0":"post-3591","1":"product","2":"type-product","3":"status-publish","4":"has-post-thumbnail","6":"product_cat-pivo","8":"first","9":"instock","10":"featured","11":"shipping-taxable","12":"purchasable","13":"product-type-simple"},"jetpack_publicize_connections":[],"jetpack_sharing_enabled":true,"_links":{"self":[{"href":"https:\/\/reybrasilautopecas.com.br\/index.php?rest_route=\/wp\/v2\/product\/3591","targetHints":{"allow":["GET"]}}],"collection":[{"href":"https:\/\/reybrasilautopecas.com.br\/index.php?rest_route=\/wp\/v2\/product"}],"about":[{"href":"https:\/\/reybrasilautopecas.com.br\/index.php?rest_route=\/wp\/v2\/types\/product"}],"replies":[{"embeddable":true,"href":"https:\/\/reybrasilautopecas.com.br\/index.php?rest_route=%2Fwp%2Fv2%2Fcomments&post=3591"}],"wp:featuredmedia":[{"embeddable":true,"href":"https:\/\/reybrasilautopecas.com.br\/index.php?rest_route=\/wp\/v2\/media\/3592"}],"wp:attachment":[{"href":"https:\/\/reybrasilautopecas.com.br\/index.php?rest_route=%2Fwp%2Fv2%2Fmedia&parent=3591"}],"wp:term":[{"taxonomy":"product_brand","embeddable":true,"href":"https:\/\/reybrasilautopecas.com.br\/index.php?rest_route=%2Fwp%2Fv2%2Fproduct_brand&post=3591"},{"taxonomy":"product_cat","embeddable":true,"href":"https:\/\/reybrasilautopecas.com.br\/index.php?rest_route=%2Fwp%2Fv2%2Fproduct_cat&post=3591"},{"taxonomy":"product_tag","embeddable":true,"href":"https:\/\/reybrasilautopecas.com.br\/index.php?rest_route=%2Fwp%2Fv2%2Fproduct_tag&post=3591"}],"curies":[{"name":"wp","href":"https:\/\/api.w.org\/{rel}","templated":true}]}}