{"id":3581,"date":"2022-07-25T11:07:28","date_gmt":"2022-07-25T14:07:28","guid":{"rendered":"https:\/\/reybrasilautopecas.com.br\/?post_type=product&#038;p=3581"},"modified":"2023-10-09T14:24:58","modified_gmt":"2023-10-09T17:24:58","slug":"pivo-suspensao-inferior-parati-1995-a-1997-503034-viemar","status":"publish","type":"product","link":"https:\/\/reybrasilautopecas.com.br\/?product=pivo-suspensao-inferior-parati-1995-a-1997-503034-viemar","title":{"rendered":"Piv\u00f4 Suspens\u00e3o Inferior Parati 1995 A 1997 503034 Viemar"},"content":{"rendered":"<p><span style=\"color: #000000;\"><strong><span style=\"font-size: 16px;\">Aplica\u00e7\u00e3o<\/span><\/strong><\/span><\/p>\n<p><span style=\"color: #000000;\"><strong><span style=\"font-size: 16px;\">Volkswagen Gol 1995 at\u00e9 1996 1.0 i &#8211; AE Bola<\/span><\/strong><\/span><br \/>\n<span style=\"color: #000000;\"><strong><span style=\"font-size: 16px;\">Volkswagen Gol 1995 at\u00e9 1996 1.6 Bola<\/span><\/strong><\/span><br \/>\n<span style=\"color: #000000;\"><strong><span style=\"font-size: 16px;\">Volkswagen Gol 1995 at\u00e9 1996 1.8 Bola<\/span><\/strong><\/span><br \/>\n<span style=\"color: #000000;\"><strong><span style=\"font-size: 16px;\">Volkswagen Gol 1996 at\u00e9 1996 1.8 Mi &#8211; Bola<\/span><\/strong><\/span><br \/>\n<span style=\"color: #000000;\"><strong><span style=\"font-size: 16px;\">Volkswagen Gol 1995 at\u00e9 1996 2.0 i &#8211; Bola<\/span><\/strong><\/span><br \/>\n<span style=\"color: #000000;\"><strong><span style=\"font-size: 16px;\">Volkswagen Gol 1995 at\u00e9 1996 2.0 i &#8211; Bola 16V<\/span><\/strong><\/span><br \/>\n<span style=\"color: #000000;\"><strong><span style=\"font-size: 16px;\">Volkswagen Parati 1995 at\u00e9 1996 1.6 AP 2P<\/span><\/strong><\/span><br \/>\n<span style=\"color: #000000;\"><strong><span style=\"font-size: 16px;\">Volkswagen Parati 1995 at\u00e9 1996 1.8 AP 2P<\/span><\/strong><\/span><\/p>\n","protected":false},"excerpt":{"rendered":"<p><span style=\"color: #000000;\"><strong><span style=\"font-size: 16px;\">Descri\u00e7\u00e3o<\/span><\/strong><\/span><\/p>\n<p><span style=\"color: #000000;\"><strong><span style=\"font-size: 16px;\">O piv\u00f4 tem a fun\u00e7\u00e3o de fazer a liga\u00e7\u00e3o da carroceria com as partes m\u00f3veis do ve\u00edculo atrav\u00e9s das bandejas ou bra\u00e7o oscilante. Ele apresenta defeito quando tem a coifa de prote\u00e7\u00e3o rasgada, ou com folga. Ao trocar \u00e9 sempre importante analisar todo o sistema de suspens\u00e3o, principalmente a bandeja.<\/span><\/strong><\/span><\/p>\n","protected":false},"featured_media":3582,"comment_status":"open","ping_status":"closed","template":"","meta":{"om_disable_all_campaigns":false,"jetpack_publicize_message":"","jetpack_publicize_feature_enabled":true,"jetpack_social_post_already_shared":false,"jetpack_social_options":{"image_generator_settings":{"template":"highway","default_image_id":0,"font":"","enabled":false},"version":2}},"product_brand":[],"product_cat":[131],"product_tag":[],"class_list":{"0":"post-3581","1":"product","2":"type-product","3":"status-publish","4":"has-post-thumbnail","6":"product_cat-pivo","8":"first","9":"instock","10":"featured","11":"shipping-taxable","12":"purchasable","13":"product-type-simple"},"jetpack_publicize_connections":[],"jetpack_sharing_enabled":true,"_links":{"self":[{"href":"https:\/\/reybrasilautopecas.com.br\/index.php?rest_route=\/wp\/v2\/product\/3581","targetHints":{"allow":["GET"]}}],"collection":[{"href":"https:\/\/reybrasilautopecas.com.br\/index.php?rest_route=\/wp\/v2\/product"}],"about":[{"href":"https:\/\/reybrasilautopecas.com.br\/index.php?rest_route=\/wp\/v2\/types\/product"}],"replies":[{"embeddable":true,"href":"https:\/\/reybrasilautopecas.com.br\/index.php?rest_route=%2Fwp%2Fv2%2Fcomments&post=3581"}],"wp:featuredmedia":[{"embeddable":true,"href":"https:\/\/reybrasilautopecas.com.br\/index.php?rest_route=\/wp\/v2\/media\/3582"}],"wp:attachment":[{"href":"https:\/\/reybrasilautopecas.com.br\/index.php?rest_route=%2Fwp%2Fv2%2Fmedia&parent=3581"}],"wp:term":[{"taxonomy":"product_brand","embeddable":true,"href":"https:\/\/reybrasilautopecas.com.br\/index.php?rest_route=%2Fwp%2Fv2%2Fproduct_brand&post=3581"},{"taxonomy":"product_cat","embeddable":true,"href":"https:\/\/reybrasilautopecas.com.br\/index.php?rest_route=%2Fwp%2Fv2%2Fproduct_cat&post=3581"},{"taxonomy":"product_tag","embeddable":true,"href":"https:\/\/reybrasilautopecas.com.br\/index.php?rest_route=%2Fwp%2Fv2%2Fproduct_tag&post=3581"}],"curies":[{"name":"wp","href":"https:\/\/api.w.org\/{rel}","templated":true}]}}