{"id":3551,"date":"2022-07-22T15:19:59","date_gmt":"2022-07-22T18:19:59","guid":{"rendered":"https:\/\/reybrasilautopecas.com.br\/?post_type=product&#038;p=3551"},"modified":"2023-03-12T13:28:44","modified_gmt":"2023-03-12T16:28:44","slug":"reservatorio-de-agua-radiador-gol-1-0-1993-a-1994-g1001","status":"publish","type":"product","link":"https:\/\/reybrasilautopecas.com.br\/?product=reservatorio-de-agua-radiador-gol-1-0-1993-a-1994-g1001","title":{"rendered":"Reservat\u00f3rio De \u00c1gua Radiador Gol 1.0 1993 A 1994 &#8211; G1001"},"content":{"rendered":"<p><span style=\"color: #000000;\"><strong><span style=\"font-size: 16px;\">Aplica\u00e7\u00f5es<\/span><\/strong><\/span><\/p>\n<p><span style=\"color: #000000;\"><strong><span style=\"font-size: 16px;\">VW GOL AP 1.6 G1 G2 1987\/1999<\/span><\/strong><\/span><br \/>\n<span style=\"color: #000000;\"><strong><span style=\"font-size: 16px;\">GOL AP 1.8 G1 G2 1987\/1999<\/span><\/strong><\/span><br \/>\n<span style=\"color: #000000;\"><strong><span style=\"font-size: 16px;\">GOL AP 2.0 G1 G2 1987\/1999<\/span><\/strong><\/span><br \/>\n<span style=\"color: #000000;\"><strong><span style=\"font-size: 16px;\">VOYAGE AP 1.6 1987\/1995<\/span><\/strong><\/span><br \/>\n<span style=\"color: #000000;\"><strong><span style=\"font-size: 16px;\">VOYAGE AP 1.8 1987\/1995<\/span><\/strong><\/span><br \/>\n<span style=\"color: #000000;\"><strong><span style=\"font-size: 16px;\">PARATI AP 1.6 G1 G2 1987\/1999<\/span><\/strong><\/span><br \/>\n<span style=\"color: #000000;\"><strong><span style=\"font-size: 16px;\">PARATI AP 1.8 G1 G2 1987\/1999<\/span><\/strong><\/span><br \/>\n<span style=\"color: #000000;\"><strong><span style=\"font-size: 16px;\">PARATI AP 2.0 G1 G2 1987\/1999<\/span><\/strong><\/span><br \/>\n<span style=\"color: #000000;\"><strong><span style=\"font-size: 16px;\">SAVEIRO AP 1.6 G1 G2 1987\/1999<\/span><\/strong><\/span><br \/>\n<span style=\"color: #000000;\"><strong><span style=\"font-size: 16px;\">SAVEIRO AP 1.8 G1 G2 1987\/1999<\/span><\/strong><\/span><br \/>\n<span style=\"color: #000000;\"><strong><span style=\"font-size: 16px;\">SANTANA AP 1.8 1987\/2003<\/span><\/strong><\/span><br \/>\n<span style=\"color: #000000;\"><strong><span style=\"font-size: 16px;\">SANTANA AP 2.0 1987\/2003<\/span><\/strong><\/span><br \/>\n<span style=\"color: #000000;\"><strong><span style=\"font-size: 16px;\">QUANTUM AP 1.8 1987\/2003<\/span><\/strong><\/span><br \/>\n<span style=\"color: #000000;\"><strong><span style=\"font-size: 16px;\">QUANTUM AP 2.0 1987\/2003<\/span><\/strong><\/span><br \/>\n<span style=\"color: #000000;\"><strong><span style=\"font-size: 16px;\">GOL 1.0 1993\/1994<\/span><\/strong><\/span><br \/>\n<span style=\"color: #000000;\"><strong><span style=\"font-size: 16px;\">GOL 1.0 EFI 1995\/1996<\/span><\/strong><\/span><br \/>\n<span style=\"color: #000000;\"><strong><span style=\"font-size: 16px;\">GOL 1.0 8V G2 1997\/1999<\/span><\/strong><\/span><br \/>\n<span style=\"color: #000000;\"><strong><span style=\"font-size: 16px;\">GOL 1.0 16V G2 1997\/1999<\/span><\/strong><\/span><br \/>\n<span style=\"color: #000000;\"><strong><span style=\"font-size: 16px;\">PARATI 1.0 16V G2 1997\/1999<\/span><\/strong><\/span><br \/>\n<span style=\"color: #000000;\"><strong><span style=\"font-size: 16px;\">FORD ESCORT AP 1.6 1990\/1996<\/span><\/strong><\/span><br \/>\n<span style=\"color: #000000;\"><strong><span style=\"font-size: 16px;\">ESCORT AP 1.8 1990\/1996<\/span><\/strong><\/span><br \/>\n<span style=\"color: #000000;\"><strong><span style=\"font-size: 16px;\">ESCORT AP 2.0 1990\/1996<\/span><\/strong><\/span><br \/>\n<span style=\"color: #000000;\"><strong><span style=\"font-size: 16px;\">PAMPA AP 1.6 1990\/1996<\/span><\/strong><\/span><br \/>\n<span style=\"color: #000000;\"><strong><span style=\"font-size: 16px;\">PAMPA AP 1.8 1990\/1996<\/span><\/strong><\/span><br \/>\n<span style=\"color: #000000;\"><strong><span style=\"font-size: 16px;\">BELINA AP 1.6 1990\/1991<\/span><\/strong><\/span><br \/>\n<span style=\"color: #000000;\"><strong><span style=\"font-size: 16px;\">BELINA AP 1.8 1990\/1991<\/span><\/strong><\/span><br \/>\n<span style=\"color: #000000;\"><strong><span style=\"font-size: 16px;\">DEL REY AP 1.8 1989\/1990<\/span><\/strong><\/span><br \/>\n<span style=\"color: #000000;\"><strong><span style=\"font-size: 16px;\">VERONA AP 1.6 1990\/1996<\/span><\/strong><\/span><br \/>\n<span style=\"color: #000000;\"><strong><span style=\"font-size: 16px;\">VERONA AP 1.8 1990\/1996<\/span><\/strong><\/span><br \/>\n<span style=\"color: #000000;\"><strong><span style=\"font-size: 16px;\">VERONA AP 2.0 1990\/1996<\/span><\/strong><\/span><\/p>\n","protected":false},"excerpt":{"rendered":"<h2 class=\"ui-pdp-description__title\"><span style=\"color: #000000;\"><strong><span style=\"font-size: 16px;\">Descri\u00e7\u00e3o<\/span><\/strong><\/span><\/h2>\n<p class=\"ui-pdp-description__content\"><span style=\"color: #000000;\"><strong><span style=\"font-size: 16px;\">Reservat\u00f3rio Radiador<\/span><\/strong><\/span><\/p>\n<p><span style=\"color: #000000;\"><strong><span style=\"font-size: 16px;\">Fun\u00e7\u00e3o: O sistema de arrefecimento conta com um componente chamado reservat\u00f3rio de expans\u00e3o, nome caracterizado de sua fun\u00e7\u00e3o para o sistema, no qual, alem de reservar a \u00e1gua tamb\u00e9m disp\u00f5e de um espa\u00e7o interno para a expans\u00e3o do ar sob alta press\u00e3o do sistema em temperatura alta.<\/span><\/strong><\/span><\/p>\n<p><span style=\"color: #000000;\"><strong><span style=\"font-size: 16px;\">Especifica\u00e7\u00f5es t\u00e9cnicas:<\/span><\/strong><\/span><br \/>\n<span style=\"color: #000000;\"><strong><span style=\"font-size: 16px;\">Quantidade de itens na embalagem: 1<\/span><\/strong><\/span><br \/>\n<span style=\"color: #000000;\"><strong><span style=\"font-size: 16px;\">C\u00f3digo de referencia: 3051214071<\/span><\/strong><\/span><br \/>\n<span style=\"color: #000000;\"><strong><span style=\"font-size: 16px;\">C\u00f3digo do fabricante: G1001<\/span><\/strong><\/span><\/p>\n","protected":false},"featured_media":3552,"comment_status":"open","ping_status":"closed","template":"","meta":{"om_disable_all_campaigns":false,"jetpack_publicize_message":"","jetpack_publicize_feature_enabled":true,"jetpack_social_post_already_shared":false,"jetpack_social_options":{"image_generator_settings":{"template":"highway","default_image_id":0,"font":"","enabled":false},"version":2}},"product_brand":[],"product_cat":[120],"product_tag":[],"class_list":{"0":"post-3551","1":"product","2":"type-product","3":"status-publish","4":"has-post-thumbnail","6":"product_cat-reservatorio","8":"first","9":"instock","10":"featured","11":"shipping-taxable","12":"purchasable","13":"product-type-simple"},"jetpack_publicize_connections":[],"jetpack_sharing_enabled":true,"_links":{"self":[{"href":"https:\/\/reybrasilautopecas.com.br\/index.php?rest_route=\/wp\/v2\/product\/3551","targetHints":{"allow":["GET"]}}],"collection":[{"href":"https:\/\/reybrasilautopecas.com.br\/index.php?rest_route=\/wp\/v2\/product"}],"about":[{"href":"https:\/\/reybrasilautopecas.com.br\/index.php?rest_route=\/wp\/v2\/types\/product"}],"replies":[{"embeddable":true,"href":"https:\/\/reybrasilautopecas.com.br\/index.php?rest_route=%2Fwp%2Fv2%2Fcomments&post=3551"}],"wp:featuredmedia":[{"embeddable":true,"href":"https:\/\/reybrasilautopecas.com.br\/index.php?rest_route=\/wp\/v2\/media\/3552"}],"wp:attachment":[{"href":"https:\/\/reybrasilautopecas.com.br\/index.php?rest_route=%2Fwp%2Fv2%2Fmedia&parent=3551"}],"wp:term":[{"taxonomy":"product_brand","embeddable":true,"href":"https:\/\/reybrasilautopecas.com.br\/index.php?rest_route=%2Fwp%2Fv2%2Fproduct_brand&post=3551"},{"taxonomy":"product_cat","embeddable":true,"href":"https:\/\/reybrasilautopecas.com.br\/index.php?rest_route=%2Fwp%2Fv2%2Fproduct_cat&post=3551"},{"taxonomy":"product_tag","embeddable":true,"href":"https:\/\/reybrasilautopecas.com.br\/index.php?rest_route=%2Fwp%2Fv2%2Fproduct_tag&post=3551"}],"curies":[{"name":"wp","href":"https:\/\/api.w.org\/{rel}","templated":true}]}}