{"id":3268,"date":"2022-07-11T15:50:45","date_gmt":"2022-07-11T18:50:45","guid":{"rendered":"https:\/\/reybrasilautopecas.com.br\/?post_type=product&#038;p=3268"},"modified":"2025-06-09T16:28:53","modified_gmt":"2025-06-09T19:28:53","slug":"correia-dentada-contitech-ct488-para-idea-punto-palio","status":"publish","type":"product","link":"https:\/\/reybrasilautopecas.com.br\/?product=correia-dentada-contitech-ct488-para-idea-punto-palio","title":{"rendered":"Correia Dentada Contitech Idea\/Punto\/Palio CT488"},"content":{"rendered":"<p><span style=\"color: #000000;\"><strong><span style=\"font-size: 16px;\">Aplica\u00e7\u00e3o<\/span><\/strong><\/span><\/p>\n<p><span style=\"color: #000000;\"><strong><span style=\"font-size: 16px;\">Doblo \/ Idea \/ Punto 1.4 8V Fire 2003 a 2008<\/span><\/strong><\/span><br \/>\n<span style=\"color: #000000;\"><strong><span style=\"font-size: 16px;\">Fiorino \/ Palio \/ Siena \/ Strada 1.3 8V Fire 2003 a 2012<\/span><\/strong><\/span><br \/>\n<span style=\"color: #000000;\"><strong><span style=\"font-size: 16px;\">Palio \/ Weekend \/ Siena \/ Strada 1.4 8V Fire 2003 a 2008<\/span><\/strong><\/span><br \/>\n<span style=\"color: #000000;\"><strong><span style=\"font-size: 16px;\">Dobl\u00f2 \/ Idea \/ Punto 1.4 8V Fire 2009\/&#8230;<\/span><\/strong><\/span><br \/>\n<span style=\"color: #000000;\"><strong><span style=\"font-size: 16px;\">Palio \/ Weekend \/ Siena \/ Strada 1.4 8V Fire 2009\/&#8230;<\/span><\/strong><\/span><br \/>\n<span style=\"color: #000000;\"><strong><span style=\"font-size: 16px;\">Novo Palio \/ Novo Uno 1.0 8V \/ 1.4 8V Motor EVO 2011\/&#8230;<\/span><\/strong><\/span><br \/>\n<span style=\"color: #000000;\"><strong><span style=\"font-size: 16px;\">Gran Siena 1.4 8V Motor EVO 2011\/&#8230;<\/span><\/strong><\/span><br \/>\n<span style=\"color: #000000;\"><strong><span style=\"font-size: 16px;\">Fiat 500 1.4 8V Motor EVO 2011\/&#8230;<\/span><\/strong><\/span><\/p>\n","protected":false},"excerpt":{"rendered":"<h2 class=\"ui-pdp-description__title\"><span style=\"color: #000000;\"><strong><span style=\"font-size: 16px;\">Descri\u00e7\u00e3o<\/span><\/strong><\/span><\/h2>\n<p class=\"ui-pdp-description__content\"><span style=\"color: #000000;\"><strong><span style=\"font-size: 16px;\">Descri\u00e7\u00e3o do Produto<\/span><\/strong><\/span><\/p>\n<p><span style=\"color: #000000;\"><strong><span style=\"font-size: 16px;\">A correia tem como objetivo de sincronizar o movimento, de uma forma que as v\u00e1lvulas se abram e fechem no momento certo de cada tempo do motor, ou seja, mantendo um perfeito funcionamento do motor e garantindo a correta queima de combust\u00edvel. Funcionamento A correia \u00e9 conectada no virabrequim ao comando de v\u00e1lvula, uma vez instalada a rota\u00e7\u00e3o do virabrequim vai ser transmitida para o comando de v\u00e1lvulas atrav\u00e9s da pr\u00f3pria correia, ou seja, distribuindo a rota\u00e7\u00e3o do motor para o comando de v\u00e1lvulas para que as v\u00e1lvulas abram no momento certo<\/span><\/strong><\/span><\/p>\n","protected":false},"featured_media":3269,"comment_status":"open","ping_status":"closed","template":"","meta":{"om_disable_all_campaigns":false,"jetpack_publicize_message":"","jetpack_publicize_feature_enabled":true,"jetpack_social_post_already_shared":false,"jetpack_social_options":{"image_generator_settings":{"template":"highway","default_image_id":0,"font":"","enabled":false},"version":2}},"product_brand":[],"product_cat":[130],"product_tag":[],"class_list":{"0":"post-3268","1":"product","2":"type-product","3":"status-publish","4":"has-post-thumbnail","6":"product_cat-correias","8":"first","9":"instock","10":"sale","11":"featured","12":"shipping-taxable","13":"purchasable","14":"product-type-simple"},"jetpack_publicize_connections":[],"jetpack_sharing_enabled":true,"_links":{"self":[{"href":"https:\/\/reybrasilautopecas.com.br\/index.php?rest_route=\/wp\/v2\/product\/3268","targetHints":{"allow":["GET"]}}],"collection":[{"href":"https:\/\/reybrasilautopecas.com.br\/index.php?rest_route=\/wp\/v2\/product"}],"about":[{"href":"https:\/\/reybrasilautopecas.com.br\/index.php?rest_route=\/wp\/v2\/types\/product"}],"replies":[{"embeddable":true,"href":"https:\/\/reybrasilautopecas.com.br\/index.php?rest_route=%2Fwp%2Fv2%2Fcomments&post=3268"}],"wp:featuredmedia":[{"embeddable":true,"href":"https:\/\/reybrasilautopecas.com.br\/index.php?rest_route=\/wp\/v2\/media\/3269"}],"wp:attachment":[{"href":"https:\/\/reybrasilautopecas.com.br\/index.php?rest_route=%2Fwp%2Fv2%2Fmedia&parent=3268"}],"wp:term":[{"taxonomy":"product_brand","embeddable":true,"href":"https:\/\/reybrasilautopecas.com.br\/index.php?rest_route=%2Fwp%2Fv2%2Fproduct_brand&post=3268"},{"taxonomy":"product_cat","embeddable":true,"href":"https:\/\/reybrasilautopecas.com.br\/index.php?rest_route=%2Fwp%2Fv2%2Fproduct_cat&post=3268"},{"taxonomy":"product_tag","embeddable":true,"href":"https:\/\/reybrasilautopecas.com.br\/index.php?rest_route=%2Fwp%2Fv2%2Fproduct_tag&post=3268"}],"curies":[{"name":"wp","href":"https:\/\/api.w.org\/{rel}","templated":true}]}}