{"id":3170,"date":"2022-07-05T09:05:57","date_gmt":"2022-07-05T12:05:57","guid":{"rendered":"https:\/\/reybrasilautopecas.com.br\/?post_type=product&#038;p=3170"},"modified":"2025-06-06T15:32:45","modified_gmt":"2025-06-06T18:32:45","slug":"radiador-peugeot-206-207-307-xsara-picasso-1-0-1-4-1-6-com-ar-condicionado-notus","status":"publish","type":"product","link":"https:\/\/reybrasilautopecas.com.br\/?product=radiador-peugeot-206-207-307-xsara-picasso-1-0-1-4-1-6-com-ar-condicionado-notus","title":{"rendered":"Radiador Peugeot 206 1.0\/1.4\/1.6 99\/"},"content":{"rendered":"<p><strong><span style=\"font-size: 16px;\">Montadora Modelo Especifica\u00e7\u00f5es Per\u00edodo Aplica\u00e7\u00e3o<\/span><\/strong><br \/>\n<strong><span style=\"font-size: 16px;\">CITROEN XSARA 2.0 16V GASOLINA COM E SEM AR CAMBIO MANUAL 2001 a 2002<\/span><\/strong><br \/>\n<strong><span style=\"font-size: 16px;\">PEUGEOT 206 1.0 16V GASOLINA COM E SEM AR CAMBIO MANUAL 2001 a 2007<\/span><\/strong><br \/>\n<strong><span style=\"font-size: 16px;\">PEUGEOT 206 1.0 8V GASOLINA COM E SEM AR CAMBIO MANUAL 2002<\/span><\/strong><br \/>\n<strong><span style=\"font-size: 16px;\">PEUGEOT 206 1.4 16V FLEX COM E SEM AR CAMBIO MANUAL 2005 a 2008<\/span><\/strong><br \/>\n<strong><span style=\"font-size: 16px;\">PEUGEOT 206 1.4 8V FLEX COM E SEM AR CAMBIO MANUAL 2005 a 2008<\/span><\/strong><br \/>\n<strong><span style=\"font-size: 16px;\">PEUGEOT 206 1.4 8V GASOLINA COM E SEM AR CAMBIO MANUAL 2004 a 2008<\/span><\/strong><br \/>\n<strong><span style=\"font-size: 16px;\">PEUGEOT 206 1.4 8V SW GASOLINA COM E SEM AR CAMBIO MANUAL 2005 a 2007<\/span><\/strong><br \/>\n<strong><span style=\"font-size: 16px;\">PEUGEOT 206 1.6 16V ALCOOL COM E SEM AR CAMBIO MANUAL 2002 a 2006<\/span><\/strong><br \/>\n<strong><span style=\"font-size: 16px;\">PEUGEOT 206 1.6 16V FLEX COM E SEM AR CAMBIO MANUAL 2005 a 2008<\/span><\/strong><br \/>\n<strong><span style=\"font-size: 16px;\">PEUGEOT 206 1.6 16V SW FLEX COM E SEM AR CAMBIO MANUAL 2005 a 2008<\/span><\/strong><br \/>\n<strong><span style=\"font-size: 16px;\">PEUGEOT 206 1.6 16V GASOLINA COM E SEM AR CAMBIO MANUAL 2001 a 2008<\/span><\/strong><br \/>\n<strong><span style=\"font-size: 16px;\">PEUGEOT 206 1.6 16V SW GASOLINA COM E SEM AR CAMBIO MANUAL 2005 a 2008<\/span><\/strong><br \/>\n<strong><span style=\"font-size: 16px;\">PEUGEOT 206 1.6 8V FLEX COM E SEM AR CAMBIO MANUAL 2006 a 2007<\/span><\/strong><br \/>\n<strong><span style=\"font-size: 16px;\">PEUGEOT 206 1.6 8V GASOLINA COM E SEM AR CAMBIO MANUAL 2001 a 2004<\/span><\/strong><br \/>\n<strong><span style=\"font-size: 16px;\">PEUGEOT 307 1.6 16V FLEX COM E SEM AR CAMBIO MANUAL 2006 a 2009<\/span><\/strong><br \/>\n<strong><span style=\"font-size: 16px;\">PEUGEOT 307 1.6 16V GASOLINA COM E SEM AR CAMBIO MANUAL 2003 a 2009<\/span><\/strong><br \/>\n<strong><span style=\"font-size: 16px;\">PEUGEOT 307 2.0 16V FLEX COM E SEM AR CAMBIO MANUAL 2008 a 2009<\/span><\/strong><br \/>\n<strong><span style=\"font-size: 16px;\">PEUGEOT 307 2.0 16V GASOLINA COM E SEM AR CAMBIO MANUAL 2003 a 2009<\/span><\/strong><br \/>\n<strong><span style=\"font-size: 16px;\">PEUGEOT 307 2.0 16V SW GASOLINA COM E SEM AR CAMBIO MANUAL 2003 a 2009<\/span><\/strong><\/p>\n","protected":false},"excerpt":{"rendered":"<h2 class=\"ui-pdp-description__title\"><span style=\"color: #000000;\"><strong><span style=\"font-size: 16px;\">Descri\u00e7\u00e3o<\/span><\/strong><\/span><\/h2>\n<p class=\"ui-pdp-description__content\"><span style=\"color: #000000;\"><strong><span style=\"font-size: 16px;\">RADIADOR DE \u00c1GUA DO MOTOR NOVO E ORIGINAL NOTUS &#8211; TOP DE LINHA<\/span><\/strong><\/span><\/p>\n<p><span style=\"color: #000000;\"><strong><span style=\"font-size: 16px;\">FABRICANTE: NOTUS<\/span><\/strong><\/span><\/p>\n<p><span style=\"color: #000000;\"><strong><span style=\"font-size: 16px;\">GARANTIA: 3 MESES (90 DIAS<\/span><\/strong><\/span><\/p>\n","protected":false},"featured_media":3171,"comment_status":"open","ping_status":"closed","template":"","meta":{"om_disable_all_campaigns":false,"jetpack_publicize_message":"","jetpack_publicize_feature_enabled":true,"jetpack_social_post_already_shared":false,"jetpack_social_options":{"image_generator_settings":{"template":"highway","default_image_id":0,"font":"","enabled":false},"version":2}},"product_brand":[],"product_cat":[140,138],"product_tag":[],"class_list":{"0":"post-3170","1":"product","2":"type-product","3":"status-publish","4":"has-post-thumbnail","6":"product_cat-radiador","7":"product_cat-refrigeracao","9":"first","10":"instock","11":"sale","12":"featured","13":"shipping-taxable","14":"purchasable","15":"product-type-simple"},"jetpack_publicize_connections":[],"jetpack_sharing_enabled":true,"_links":{"self":[{"href":"https:\/\/reybrasilautopecas.com.br\/index.php?rest_route=\/wp\/v2\/product\/3170","targetHints":{"allow":["GET"]}}],"collection":[{"href":"https:\/\/reybrasilautopecas.com.br\/index.php?rest_route=\/wp\/v2\/product"}],"about":[{"href":"https:\/\/reybrasilautopecas.com.br\/index.php?rest_route=\/wp\/v2\/types\/product"}],"replies":[{"embeddable":true,"href":"https:\/\/reybrasilautopecas.com.br\/index.php?rest_route=%2Fwp%2Fv2%2Fcomments&post=3170"}],"wp:featuredmedia":[{"embeddable":true,"href":"https:\/\/reybrasilautopecas.com.br\/index.php?rest_route=\/wp\/v2\/media\/3171"}],"wp:attachment":[{"href":"https:\/\/reybrasilautopecas.com.br\/index.php?rest_route=%2Fwp%2Fv2%2Fmedia&parent=3170"}],"wp:term":[{"taxonomy":"product_brand","embeddable":true,"href":"https:\/\/reybrasilautopecas.com.br\/index.php?rest_route=%2Fwp%2Fv2%2Fproduct_brand&post=3170"},{"taxonomy":"product_cat","embeddable":true,"href":"https:\/\/reybrasilautopecas.com.br\/index.php?rest_route=%2Fwp%2Fv2%2Fproduct_cat&post=3170"},{"taxonomy":"product_tag","embeddable":true,"href":"https:\/\/reybrasilautopecas.com.br\/index.php?rest_route=%2Fwp%2Fv2%2Fproduct_tag&post=3170"}],"curies":[{"name":"wp","href":"https:\/\/api.w.org\/{rel}","templated":true}]}}