{"id":2749,"date":"2022-05-30T16:02:31","date_gmt":"2022-05-30T19:02:31","guid":{"rendered":"http:\/\/br646.teste.website\/~reybra90\/?post_type=product&#038;p=2749"},"modified":"2025-01-31T16:52:05","modified_gmt":"2025-01-31T19:52:05","slug":"radiador-agua-corsa-montana-1-0-1-4-1-8","status":"publish","type":"product","link":"https:\/\/reybrasilautopecas.com.br\/?product=radiador-agua-corsa-montana-1-0-1-4-1-8","title":{"rendered":"Radiador \u00e1gua corsa\/montana 1.0\/1.4\/1.8 NT7114523"},"content":{"rendered":"<p><span style=\"font-size: 16px; color: #000000;\"><strong>Aplica\u00e7\u00e3o<\/strong><\/span><\/p>\n<p><span style=\"font-size: 16px; color: #000000;\"><strong>NT7114523 &#8211; RADIADOR AGUA GM COM E SEM AR [GM] CORSA 1.0 8V FLEX 2003 ATE 2008 [GM] CORSA 1.4 8V FLEX 2003 ATE 2008 [GM] CORSA 1.8 8V FLEX 2003 ATE 2008 [GM] MONTANA 1.4 8V FLEX 2003 ATE 2009 [GM] MONTANA 1.8 8V FLEX 2003 ATE 2009 SIMILAR: VISCONDE: RV12577 VALEO: 732826R MAGNETIMARELLI: BEA5776<\/strong><\/span><\/p>\n<p><span style=\"font-size: 16px; color: #000000;\"><strong>Ref.: NOTUS<\/strong><\/span><\/p>\n","protected":false},"excerpt":{"rendered":"<p><span style=\"font-size: 16px; color: #000000;\"><strong>Detalhes<\/strong><\/span><\/p>\n<p><span style=\"font-size: 16px; color: #000000;\"><strong>RADIADOR \u2013 O radiador tem como fun\u00e7\u00e3o realizar a troca de calor entre o motor e o ar frio de fora do carro, com a ajuda do l\u00edquido composto por 50% de \u00e1gua desmineralizada e 50% de aditivo. Este aditivo, por sua vez, n\u00e3o deixa que \u00e1gua ferva nem congele, auxiliando na manuten\u00e7\u00e3o da temperatura adequada.<\/strong><\/span><\/p>\n<ul class=\"ui-pdp-list__wrapper\">\n<li class=\"ui-pdp-list__item\">\n<p class=\"ui-pdp-family--REGULAR ui-pdp-list__text\"><span style=\"font-size: 16px; color: #000000;\"><strong><span class=\"ui-pdp-color--BLACK ui-pdp-size--XSMALL ui-pdp-family--BOLD\">Altura x Largura<\/span>: 37.5 cm x 54 cm<\/strong><\/span><\/p>\n<\/li>\n<li class=\"ui-pdp-list__item\">\n<p class=\"ui-pdp-family--REGULAR ui-pdp-list__text\"><span style=\"font-size: 16px; color: #000000;\"><strong><span class=\"ui-pdp-color--BLACK ui-pdp-size--XSMALL ui-pdp-family--BOLD\">Tipo de montagem<\/span>: Dianteiro<\/strong><\/span><\/p>\n<\/li>\n<\/ul>\n<ul class=\"ui-pdp-list__wrapper\">\n<li class=\"ui-pdp-list__item\">\n<p class=\"ui-pdp-family--REGULAR ui-pdp-list__text\"><span style=\"font-size: 16px; color: #000000;\"><strong><span class=\"ui-pdp-color--BLACK ui-pdp-size--XSMALL ui-pdp-family--BOLD\">Espessura<\/span>: 2.1 cm<\/strong><\/span><\/p>\n<\/li>\n<li class=\"ui-pdp-list__item\">\n<p class=\"ui-pdp-family--REGULAR ui-pdp-list__text\"><span style=\"font-size: 16px; color: #000000;\"><strong><span class=\"ui-pdp-color--BLACK ui-pdp-size--XSMALL ui-pdp-family--BOLD\">Com ar condicionado<\/span>: N\u00e3o<\/strong><\/span><\/p>\n<\/li>\n<\/ul>\n<ul class=\"ui-pdp-list__wrapper\">\n<li class=\"ui-pdp-list__item\">\n<p class=\"ui-pdp-family--REGULAR ui-pdp-list__text\"><span style=\"font-size: 16px; color: #000000;\"><strong><span class=\"ui-pdp-color--BLACK ui-pdp-size--XSMALL ui-pdp-family--BOLD\">Inclui tampa<\/span>: N\u00e3o<\/strong><\/span><\/p>\n<\/li>\n<li class=\"ui-pdp-list__item\">\n<p class=\"ui-pdp-family--REGULAR ui-pdp-list__text\"><span style=\"font-size: 16px; color: #000000;\"><strong><span class=\"ui-pdp-color--BLACK ui-pdp-size--XSMALL ui-pdp-family--BOLD\">Com cebol\u00e3o<\/span>: N\u00e3o<\/strong><\/span><\/p>\n<\/li>\n<\/ul>\n<ul class=\"ui-pdp-list__wrapper\">\n<li class=\"ui-pdp-list__item\">\n<p class=\"ui-pdp-family--REGULAR ui-pdp-list__text\"><span style=\"font-size: 16px; color: #000000;\"><strong><span class=\"ui-pdp-color--BLACK ui-pdp-size--XSMALL ui-pdp-family--BOLD\">Inclui refrigerador do \u00f3leo de motor<\/span>: N\u00e3o<\/strong><\/span><\/p>\n<\/li>\n<li class=\"ui-pdp-list__item\">\n<p class=\"ui-pdp-family--REGULAR ui-pdp-list__text\"><span style=\"font-size: 16px; color: #000000;\"><strong><span class=\"ui-pdp-color--BLACK ui-pdp-size--XSMALL ui-pdp-family--BOLD\">Inclui arma\u00e7\u00e3o<\/span>: N\u00e3o<\/strong><\/span><\/p>\n<\/li>\n<\/ul>\n<ul class=\"ui-pdp-list__wrapper\">\n<li class=\"ui-pdp-list__item\">\n<p class=\"ui-pdp-family--REGULAR ui-pdp-list__text\"><span style=\"font-size: 16px; color: #000000;\"><strong><span class=\"ui-pdp-color--BLACK ui-pdp-size--XSMALL ui-pdp-family--BOLD\">Refrigerador interno do \u00f3leo do motor integrado<\/span>: N\u00e3o<\/strong><\/span><\/p>\n<\/li>\n<li class=\"ui-pdp-list__item\">\n<p class=\"ui-pdp-family--REGULAR ui-pdp-list__text\"><span style=\"font-size: 16px; color: #000000;\"><strong><span class=\"ui-pdp-color--BLACK ui-pdp-size--XSMALL ui-pdp-family--BOLD\">Refrigerador interno do \u00f3leo de transmiss\u00e3o integrado<\/span>: N\u00e3o<\/strong><\/span><\/p>\n<\/li>\n<\/ul>\n<ul class=\"ui-pdp-list__wrapper\">\n<li class=\"ui-pdp-list__item\">\n<p class=\"ui-pdp-family--REGULAR ui-pdp-list__text\"><span style=\"font-size: 16px; color: #000000;\"><strong><span class=\"ui-pdp-color--BLACK ui-pdp-size--XSMALL ui-pdp-family--BOLD\">Inclui refrigerante do \u00f3leo de transmiss\u00e3o<\/span>: N\u00e3o<\/strong><\/span><\/p>\n<\/li>\n<\/ul>\n","protected":false},"featured_media":2750,"comment_status":"open","ping_status":"closed","template":"","meta":{"om_disable_all_campaigns":false,"jetpack_publicize_message":"","jetpack_publicize_feature_enabled":true,"jetpack_social_post_already_shared":false,"jetpack_social_options":{"image_generator_settings":{"template":"highway","default_image_id":0,"font":"","enabled":false},"version":2}},"product_brand":[],"product_cat":[140,138],"product_tag":[],"class_list":{"0":"post-2749","1":"product","2":"type-product","3":"status-publish","4":"has-post-thumbnail","6":"product_cat-radiador","7":"product_cat-refrigeracao","9":"first","10":"instock","11":"featured","12":"shipping-taxable","13":"purchasable","14":"product-type-simple"},"jetpack_publicize_connections":[],"jetpack_sharing_enabled":true,"_links":{"self":[{"href":"https:\/\/reybrasilautopecas.com.br\/index.php?rest_route=\/wp\/v2\/product\/2749","targetHints":{"allow":["GET"]}}],"collection":[{"href":"https:\/\/reybrasilautopecas.com.br\/index.php?rest_route=\/wp\/v2\/product"}],"about":[{"href":"https:\/\/reybrasilautopecas.com.br\/index.php?rest_route=\/wp\/v2\/types\/product"}],"replies":[{"embeddable":true,"href":"https:\/\/reybrasilautopecas.com.br\/index.php?rest_route=%2Fwp%2Fv2%2Fcomments&post=2749"}],"wp:featuredmedia":[{"embeddable":true,"href":"https:\/\/reybrasilautopecas.com.br\/index.php?rest_route=\/wp\/v2\/media\/2750"}],"wp:attachment":[{"href":"https:\/\/reybrasilautopecas.com.br\/index.php?rest_route=%2Fwp%2Fv2%2Fmedia&parent=2749"}],"wp:term":[{"taxonomy":"product_brand","embeddable":true,"href":"https:\/\/reybrasilautopecas.com.br\/index.php?rest_route=%2Fwp%2Fv2%2Fproduct_brand&post=2749"},{"taxonomy":"product_cat","embeddable":true,"href":"https:\/\/reybrasilautopecas.com.br\/index.php?rest_route=%2Fwp%2Fv2%2Fproduct_cat&post=2749"},{"taxonomy":"product_tag","embeddable":true,"href":"https:\/\/reybrasilautopecas.com.br\/index.php?rest_route=%2Fwp%2Fv2%2Fproduct_tag&post=2749"}],"curies":[{"name":"wp","href":"https:\/\/api.w.org\/{rel}","templated":true}]}}