{"id":2685,"date":"2022-05-23T16:39:12","date_gmt":"2022-05-23T19:39:12","guid":{"rendered":"http:\/\/br646.teste.website\/~reybra90\/?post_type=product&#038;p=2685"},"modified":"2025-06-07T11:43:47","modified_gmt":"2025-06-07T14:43:47","slug":"tambor-de-freio-2","status":"publish","type":"product","link":"https:\/\/reybrasilautopecas.com.br\/?product=tambor-de-freio-2","title":{"rendered":"Tambor de Freio Blazer\/S10 BD3967"},"content":{"rendered":"<p><strong><span style=\"font-size: 16px; color: #000000;\">Aplica\u00e7\u00e3o\u00a0<\/span><\/strong><\/p>\n<p><strong><span style=\"font-size: 16px; color: #000000;\">CHEVROLET<\/span><\/strong><br \/>\n<strong><span style=\"font-size: 16px; color: #000000;\">BLAZER TODOS MODELOS ANO: 1993 at\u00e9 2011<\/span><\/strong><br \/>\n<strong><span style=\"font-size: 16px; color: #000000;\">S10 TODOS MODELOS ANO: 1997 at\u00e9 2011<\/span><\/strong><\/p>\n","protected":false},"excerpt":{"rendered":"<div class=\"ui-slider-tabs-list-wrapper\">\n<div class=\"ui-slider-tabs-list-container\">\n<ul class=\"ui-slider-tabs-list\">\n<li class=\"selected\">\n<h3 class=\"titleBox\"><span style=\"color: #000000;\"><strong><span style=\"font-size: 16px;\">DESCRI\u00c7\u00c3O DO PRODUTO<\/span><\/strong><\/span><\/h3>\n<\/li>\n<\/ul>\n<\/div>\n<\/div>\n<div class=\"ui-slider-tabs-content-container\">\n<div id=\"conteudo-0\" class=\"ui-slider-tab-content selected\">\n<div class=\"conteudoAbasProduto\">\n<div class=\"paddingbox\">\n<p><span style=\"color: #000000;\"><strong><span style=\"font-size: 16px;\">Tambor de Freio Fremax possui perfeita expans\u00e3o t\u00e9rmica o que faz com que o sistema possua alta efici\u00eancia e resist\u00eancia, pois um tambor absorve o calor do atrito durante a frenagem e uma boa dissipa\u00e7\u00e3o proporciona menos vibra\u00e7\u00e3o aumentando o equilibrio e a durabilidade do conjunto.<\/span><\/strong><\/span><\/p>\n<p><span style=\"color: #000000;\"><strong><span style=\"font-size: 16px;\">Obs: Os Tambores s\u00e3o vendidos em pares\u00a0<\/span><\/strong><\/span><\/p>\n<p><span style=\"color: #000000;\"><strong><span style=\"font-size: 16px;\">Dados T\u00e9cnicos:<\/span><\/strong><\/span><br \/>\n<span style=\"color: #000000;\"><strong><span style=\"font-size: 16px;\">Di\u00e2metro interno: 279,50mm<\/span><\/strong><\/span><br \/>\n<span style=\"color: #000000;\"><strong><span style=\"font-size: 16px;\">Di\u00e2etro m\u00e1ximo: 281,00mm<\/span><\/strong><\/span><br \/>\n<span style=\"color: #000000;\"><strong><span style=\"font-size: 16px;\">Di\u00e2metro externo: 322,00mm<\/span><\/strong><\/span><br \/>\n<span style=\"color: #000000;\"><strong><span style=\"font-size: 16px;\">Altura total: 93,00mm<\/span><\/strong><\/span><br \/>\n<span style=\"color: #000000;\"><strong><span style=\"font-size: 16px;\">Di\u00e2metro furo total: 71,00mm<\/span><\/strong><\/span><br \/>\n<span style=\"color: #000000;\"><strong><span style=\"font-size: 16px;\">Superfice de freio: 75,00mm<\/span><\/strong><\/span><br \/>\n<span style=\"color: #000000;\"><strong><span style=\"font-size: 16px;\">Quantidade de furos: 5<\/span><\/strong><\/span><br \/>\n<span style=\"color: #000000;\"><strong><span style=\"font-size: 16px;\">Obs: Sem cubo<\/span><\/strong><\/span><\/p>\n<\/div>\n<\/div>\n<\/div>\n<\/div>\n","protected":false},"featured_media":2686,"comment_status":"open","ping_status":"closed","template":"","meta":{"om_disable_all_campaigns":false,"jetpack_publicize_message":"","jetpack_publicize_feature_enabled":true,"jetpack_social_post_already_shared":false,"jetpack_social_options":{"image_generator_settings":{"template":"highway","default_image_id":0,"font":"","enabled":false},"version":2}},"product_brand":[],"product_cat":[38],"product_tag":[],"class_list":{"0":"post-2685","1":"product","2":"type-product","3":"status-publish","4":"has-post-thumbnail","6":"product_cat-freios","8":"first","9":"instock","10":"shipping-taxable","11":"purchasable","12":"product-type-simple"},"jetpack_publicize_connections":[],"jetpack_sharing_enabled":true,"_links":{"self":[{"href":"https:\/\/reybrasilautopecas.com.br\/index.php?rest_route=\/wp\/v2\/product\/2685","targetHints":{"allow":["GET"]}}],"collection":[{"href":"https:\/\/reybrasilautopecas.com.br\/index.php?rest_route=\/wp\/v2\/product"}],"about":[{"href":"https:\/\/reybrasilautopecas.com.br\/index.php?rest_route=\/wp\/v2\/types\/product"}],"replies":[{"embeddable":true,"href":"https:\/\/reybrasilautopecas.com.br\/index.php?rest_route=%2Fwp%2Fv2%2Fcomments&post=2685"}],"wp:featuredmedia":[{"embeddable":true,"href":"https:\/\/reybrasilautopecas.com.br\/index.php?rest_route=\/wp\/v2\/media\/2686"}],"wp:attachment":[{"href":"https:\/\/reybrasilautopecas.com.br\/index.php?rest_route=%2Fwp%2Fv2%2Fmedia&parent=2685"}],"wp:term":[{"taxonomy":"product_brand","embeddable":true,"href":"https:\/\/reybrasilautopecas.com.br\/index.php?rest_route=%2Fwp%2Fv2%2Fproduct_brand&post=2685"},{"taxonomy":"product_cat","embeddable":true,"href":"https:\/\/reybrasilautopecas.com.br\/index.php?rest_route=%2Fwp%2Fv2%2Fproduct_cat&post=2685"},{"taxonomy":"product_tag","embeddable":true,"href":"https:\/\/reybrasilautopecas.com.br\/index.php?rest_route=%2Fwp%2Fv2%2Fproduct_tag&post=2685"}],"curies":[{"name":"wp","href":"https:\/\/api.w.org\/{rel}","templated":true}]}}