{"id":2454,"date":"2022-05-19T15:18:16","date_gmt":"2022-05-19T18:18:16","guid":{"rendered":"http:\/\/br646.teste.website\/~reybra90\/?post_type=product&#038;p=2454"},"modified":"2025-06-07T11:31:00","modified_gmt":"2025-06-07T14:31:00","slug":"kit-embreagem","status":"publish","type":"product","link":"https:\/\/reybrasilautopecas.com.br\/?product=kit-embreagem","title":{"rendered":"Kit Embreagem Astra\/Corsa\/Vectra 621306609"},"content":{"rendered":"<p><strong><span style=\"font-size: 16px; color: #000000;\">Aplica\u00e7\u00e3o<\/span><\/strong><\/p>\n<p><strong><span style=\"font-size: 16px; color: #000000;\">Gm: Astra 1.8 8V (01\/1999&gt;12\/2003)<\/span><\/strong><br \/>\n<strong><span style=\"font-size: 16px; color: #000000;\">Gm: Astra 2.0 8V \/ 16V (02\/1999&gt;08\/2011)<\/span><\/strong><br \/>\n<strong><span style=\"font-size: 16px; color: #000000;\">Gm: Cobalt 1.8 8V (10\/2012)<\/span><\/strong><br \/>\n<strong><span style=\"font-size: 16px; color: #000000;\">Gm: Corsa (SW \/ HATCH \/ SEDAN \/ PICK-UP) 1.8 8V \/ 16V (01\/2002&gt;05\/2009)<\/span><\/strong><br \/>\n<strong><span style=\"font-size: 16px; color: #000000;\">Gm: Meriva 1.8 8V \/ 16V (01\/2002&gt;12\/2012)<\/span><\/strong><br \/>\n<strong><span style=\"font-size: 16px; color: #000000;\">Gm: Montana 1.8 8V (01\/2004)<\/span><\/strong><br \/>\n<strong><span style=\"font-size: 16px; color: #000000;\">Gm: Vectra \/ GT 2.0 8V (01\/2004)<\/span><\/strong><br \/>\n<strong><span style=\"font-size: 16px; color: #000000;\">Gm: Zafira 2.0 8V \/ 16V (01\/1999)<\/span><\/strong><\/p>\n","protected":false},"excerpt":{"rendered":"<h2 class=\"title\"><strong><span style=\"font-size: 16px; color: #000000;\">Detalhes<\/span><\/strong><\/h2>\n<div class=\"std\">\n<p><strong><span style=\"font-size: 16px; color: #000000;\">Marca: Luk<\/span><\/strong><\/p>\n<p><strong><span style=\"font-size: 16px; color: #000000;\">Especifica\u00e7\u00f5es t\u00e9cnicas<\/span><\/strong><br \/>\n<strong><span style=\"font-size: 16px; color: #000000;\">Kit de embreagem : 621306609<\/span><\/strong><br \/>\n<strong><span style=\"font-size: 16px; color: #000000;\">Tipo: RepSet (plato e disco na mesma embalagem, sem rolamento)<\/span><\/strong><br \/>\n<strong><span style=\"font-size: 16px; color: #000000;\">Di\u00e2metro do plato: 205 mm<\/span><\/strong><br \/>\n<strong><span style=\"font-size: 16px; color: #000000;\">Estrias do disco: 14<\/span><\/strong><br \/>\n<strong><span style=\"font-size: 16px; color: #000000;\">Tipo de amortecedor do disco: Simples &#8211; Pr\u00e9<\/span><\/strong><br \/>\n<strong><span style=\"font-size: 16px; color: #000000;\">Rebaixo: 19,1 mm<\/span><\/strong><\/p>\n<\/div>\n","protected":false},"featured_media":2455,"comment_status":"open","ping_status":"closed","template":"","meta":{"om_disable_all_campaigns":false,"jetpack_publicize_message":"","jetpack_publicize_feature_enabled":true,"jetpack_social_post_already_shared":false,"jetpack_social_options":{"image_generator_settings":{"template":"highway","default_image_id":0,"font":"","enabled":false},"version":2}},"product_brand":[],"product_cat":[114],"product_tag":[],"class_list":{"0":"post-2454","1":"product","2":"type-product","3":"status-publish","4":"has-post-thumbnail","6":"product_cat-embreagem","8":"first","9":"instock","10":"shipping-taxable","11":"purchasable","12":"product-type-simple"},"jetpack_publicize_connections":[],"jetpack_sharing_enabled":true,"_links":{"self":[{"href":"https:\/\/reybrasilautopecas.com.br\/index.php?rest_route=\/wp\/v2\/product\/2454","targetHints":{"allow":["GET"]}}],"collection":[{"href":"https:\/\/reybrasilautopecas.com.br\/index.php?rest_route=\/wp\/v2\/product"}],"about":[{"href":"https:\/\/reybrasilautopecas.com.br\/index.php?rest_route=\/wp\/v2\/types\/product"}],"replies":[{"embeddable":true,"href":"https:\/\/reybrasilautopecas.com.br\/index.php?rest_route=%2Fwp%2Fv2%2Fcomments&post=2454"}],"wp:featuredmedia":[{"embeddable":true,"href":"https:\/\/reybrasilautopecas.com.br\/index.php?rest_route=\/wp\/v2\/media\/2455"}],"wp:attachment":[{"href":"https:\/\/reybrasilautopecas.com.br\/index.php?rest_route=%2Fwp%2Fv2%2Fmedia&parent=2454"}],"wp:term":[{"taxonomy":"product_brand","embeddable":true,"href":"https:\/\/reybrasilautopecas.com.br\/index.php?rest_route=%2Fwp%2Fv2%2Fproduct_brand&post=2454"},{"taxonomy":"product_cat","embeddable":true,"href":"https:\/\/reybrasilautopecas.com.br\/index.php?rest_route=%2Fwp%2Fv2%2Fproduct_cat&post=2454"},{"taxonomy":"product_tag","embeddable":true,"href":"https:\/\/reybrasilautopecas.com.br\/index.php?rest_route=%2Fwp%2Fv2%2Fproduct_tag&post=2454"}],"curies":[{"name":"wp","href":"https:\/\/api.w.org\/{rel}","templated":true}]}}