{"id":2107,"date":"2022-05-09T13:04:20","date_gmt":"2022-05-09T16:04:20","guid":{"rendered":"http:\/\/br646.teste.website\/~reybra90\/?post_type=product&#038;p=2107"},"modified":"2025-06-07T08:43:24","modified_gmt":"2025-06-07T11:43:24","slug":"eletroventilador-radiador-gmv-honda-city-e-new-fit-09-ate-14","status":"publish","type":"product","link":"https:\/\/reybrasilautopecas.com.br\/?product=eletroventilador-radiador-gmv-honda-city-e-new-fit-09-ate-14","title":{"rendered":"Eletroventilador Radiador Gmv Honda City E New Fit 09 At\u00e9 14"},"content":{"rendered":"<p><strong><span style=\"color: #000000; font-size: 16px;\">Aplica\u00e7\u00e3o<\/span><\/strong><\/p>\n<p><strong><span style=\"color: #000000; font-size: 16px;\">Modelo: CITY 1.5 16V FLEX<\/span><\/strong><br \/>\n<strong><span style=\"color: #000000; font-size: 16px;\">Ano: 2009 2010 2011 2012 2013 2014<\/span><\/strong><\/p>\n<p><strong><span style=\"color: #000000; font-size: 16px;\">Modelo: FIT 1.4 1.5 FLEX<\/span><\/strong><br \/>\n<strong><span style=\"color: #000000; font-size: 16px;\">Ano: 2009 2010 2011 2012 2013 2014<\/span><\/strong><\/p>\n<p><strong><span style=\"color: #000000; font-size: 16px;\">Ar Condicionado:(x) sim ( ) n\u00e3o<\/span><\/strong><\/p>\n","protected":false},"excerpt":{"rendered":"<h2 class=\"ui-pdp-description__title\"><strong><span style=\"color: #000000; font-size: 16px;\">Descri\u00e7\u00e3o<\/span><\/strong><\/h2>\n<p class=\"ui-pdp-description__content\"><strong><span style=\"color: #000000; font-size: 16px;\">Produto:Ventoinha com Defletor do Radiador Honda City e New Fit de 2009 at\u00e9 2014<\/span><\/strong><\/p>\n<p><strong><span style=\"color: #000000; font-size: 16px;\">A Ventoinha automotiva do radiador ou eletro ventilador automotivo do radiador tem a fun\u00e7\u00e3o de resfriar o radiador que por sua vez, resfria tamb\u00e9m a \u00e1gua de arrefecimento, que circula pelo motor do veiculo. Ela \u00e9 importante para manter a temperatura do motor abaixo do m\u00e1ximo especificado pela montadora.<\/span><\/strong><\/p>\n","protected":false},"featured_media":2108,"comment_status":"open","ping_status":"closed","template":"","meta":{"om_disable_all_campaigns":false,"jetpack_publicize_message":"","jetpack_publicize_feature_enabled":true,"jetpack_social_post_already_shared":false,"jetpack_social_options":{"image_generator_settings":{"template":"highway","default_image_id":0,"font":"","enabled":false},"version":2}},"product_brand":[],"product_cat":[48],"product_tag":[],"class_list":{"0":"post-2107","1":"product","2":"type-product","3":"status-publish","4":"has-post-thumbnail","6":"product_cat-eletrica-eletronica","8":"first","9":"onbackorder","10":"sale","11":"shipping-taxable","12":"purchasable","13":"product-type-simple"},"jetpack_publicize_connections":[],"jetpack_sharing_enabled":true,"_links":{"self":[{"href":"https:\/\/reybrasilautopecas.com.br\/index.php?rest_route=\/wp\/v2\/product\/2107","targetHints":{"allow":["GET"]}}],"collection":[{"href":"https:\/\/reybrasilautopecas.com.br\/index.php?rest_route=\/wp\/v2\/product"}],"about":[{"href":"https:\/\/reybrasilautopecas.com.br\/index.php?rest_route=\/wp\/v2\/types\/product"}],"replies":[{"embeddable":true,"href":"https:\/\/reybrasilautopecas.com.br\/index.php?rest_route=%2Fwp%2Fv2%2Fcomments&post=2107"}],"wp:featuredmedia":[{"embeddable":true,"href":"https:\/\/reybrasilautopecas.com.br\/index.php?rest_route=\/wp\/v2\/media\/2108"}],"wp:attachment":[{"href":"https:\/\/reybrasilautopecas.com.br\/index.php?rest_route=%2Fwp%2Fv2%2Fmedia&parent=2107"}],"wp:term":[{"taxonomy":"product_brand","embeddable":true,"href":"https:\/\/reybrasilautopecas.com.br\/index.php?rest_route=%2Fwp%2Fv2%2Fproduct_brand&post=2107"},{"taxonomy":"product_cat","embeddable":true,"href":"https:\/\/reybrasilautopecas.com.br\/index.php?rest_route=%2Fwp%2Fv2%2Fproduct_cat&post=2107"},{"taxonomy":"product_tag","embeddable":true,"href":"https:\/\/reybrasilautopecas.com.br\/index.php?rest_route=%2Fwp%2Fv2%2Fproduct_tag&post=2107"}],"curies":[{"name":"wp","href":"https:\/\/api.w.org\/{rel}","templated":true}]}}